{"id":993,"date":"2018-12-19T15:27:26","date_gmt":"2018-12-19T14:27:26","guid":{"rendered":"https:\/\/eschkg.interweavers.ch\/?page_id=993"},"modified":"2023-10-11T08:27:21","modified_gmt":"2023-10-11T06:27:21","slug":"eschkg-news","status":"publish","type":"page","link":"https:\/\/eschkg.interweavers.ch\/?page_id=993&lang=fr","title":{"rendered":"e-LP Infos"},"content":{"rendered":"<p><strong>01.07.2023 | Depuis le 1er juillet, seule la version 2.2.01 du standard e-LP est encore productive<\/strong><br \/>\nLes offices des poursuites sont libres de refuser des communications dans des versions inf\u00e9rieures.\u00a0Voir <a href=\"https:\/\/www.fedlex.admin.ch\/eli\/cc\/2011\/101\/fr#sec_5\">article 9 alin\u00e9a 4 de Ordonnance du DFJP<\/a><\/p>\n<p><strong>10.02.2021 | Logiciel e-LP pour offices des poursuites pr\u00eat \u00e0 \u00eatre d\u00e9ploy\u00e9 dans toute la Suisse<\/strong><br \/>\n\u00c0 ce jour, tous les fournisseurs d&#8217;applications pour les offices des poursuites ont test\u00e9 avec succ\u00e8s leur logiciel e-LP pour la version 2.2.01.<\/p>\n<p><strong>25.01.2021 | Formation e-LP: vid\u00e9os et documents<\/strong><br \/>\nPublication des enregistrements vid\u00e9o et des pr\u00e9sentations annot\u00e9es de la formation en ligne du 14 au 16 d\u00e9cembre 2020.<\/p>\n<p><strong>17.10.2020 | Nouvelle ordonnance en vigeur<\/strong><br \/>\nLa nouvelle ordonnance e-LP est en vigueur depuis le 1er octobre. Elle r\u00e9git l&#8217;introduction de la norme e-LP 2.2.01, \u00e9dition septembre 2020.<\/p>\n<p><strong>27.04.2020 | Chiffres d&#8217;utilisation 2019<\/strong><br \/>\nLes <a href=\"https:\/\/eschkg.interweavers.ch?page_id=231&amp;lang=fr\">chiffres d&#8217;utilisation<\/a> pour l&#8217;ann\u00e9e 2019 sont publi\u00e9s.<\/p>\n<p><strong>01.07.2019 | eSchKG 2.2 publi\u00e9<\/strong><br \/>\nLe sch\u00e9ma et le manuel sont officiellement publi\u00e9s.<\/p>\n<p><strong>27.09.2018 | Norme e-LP 2.2 (projet)<\/strong><br \/>\nLe projet de nouvelle norme e-LP 2.2, qui sera introduite le 1<sup>er<\/sup> janvier 2020, peut \u00eatre consult\u00e9 par les utilisateurs pilotes.<\/p>\n<p><strong>22.02.2018 | Nouveau site e-LP<\/strong><br \/>\nLe nouveau site e-LP est en ligne depuis le 22 f\u00e9vrier 2018.<\/p>\n<hr \/>\n<hr \/>\n","protected":false},"excerpt":{"rendered":"<p>01.07.2023 | Depuis le 1er juillet, seule la version 2.2.01 du standard e-LP est encore productive Les offices des poursuites sont libres de refuser des communications dans des versions inf\u00e9rieures.\u00a0Voir article 9 alin\u00e9a 4 de Ordonnance du DFJP 10.02.2021 | Logiciel e-LP pour offices des poursuites pr\u00eat \u00e0 \u00eatre d\u00e9ploy\u00e9 dans toute la Suisse \u00c0 &hellip; <a href=\"https:\/\/eschkg.interweavers.ch\/?page_id=993&#038;lang=fr\" class=\"more-link\"><span class=\"screen-reader-text\">&#8222;e-LP Infos&#8220; <\/span>weiterlesen<\/a><\/p>\n","protected":false},"author":7,"featured_media":0,"parent":0,"menu_order":0,"comment_status":"closed","ping_status":"closed","template":"","meta":{"footnotes":""},"tags":[],"class_list":["post-993","page","type-page","status-publish","hentry"],"_links":{"self":[{"href":"https:\/\/eschkg.interweavers.ch\/index.php?rest_route=\/wp\/v2\/pages\/993","targetHints":{"allow":["GET"]}}],"collection":[{"href":"https:\/\/eschkg.interweavers.ch\/index.php?rest_route=\/wp\/v2\/pages"}],"about":[{"href":"https:\/\/eschkg.interweavers.ch\/index.php?rest_route=\/wp\/v2\/types\/page"}],"author":[{"embeddable":true,"href":"https:\/\/eschkg.interweavers.ch\/index.php?rest_route=\/wp\/v2\/users\/7"}],"replies":[{"embeddable":true,"href":"https:\/\/eschkg.interweavers.ch\/index.php?rest_route=%2Fwp%2Fv2%2Fcomments&post=993"}],"version-history":[{"count":11,"href":"https:\/\/eschkg.interweavers.ch\/index.php?rest_route=\/wp\/v2\/pages\/993\/revisions"}],"predecessor-version":[{"id":2532,"href":"https:\/\/eschkg.interweavers.ch\/index.php?rest_route=\/wp\/v2\/pages\/993\/revisions\/2532"}],"wp:attachment":[{"href":"https:\/\/eschkg.interweavers.ch\/index.php?rest_route=%2Fwp%2Fv2%2Fmedia&parent=993"}],"wp:term":[{"taxonomy":"post_tag","embeddable":true,"href":"https:\/\/eschkg.interweavers.ch\/index.php?rest_route=%2Fwp%2Fv2%2Ftags&post=993"}],"curies":[{"name":"wp","href":"https:\/\/api.w.org\/{rel}","templated":true}]}}