{"id":8,"date":"2016-08-18T10:47:24","date_gmt":"2016-08-18T08:47:24","guid":{"rendered":"http:\/\/eschkg.ch.80-74-146-216.ashley.xelon.ch\/?page_id=8&#038;lang=fr"},"modified":"2020-04-28T08:49:33","modified_gmt":"2020-04-28T06:49:33","slug":"eschkg-projet","status":"publish","type":"page","link":"https:\/\/eschkg.interweavers.ch\/?page_id=8&lang=fr","title":{"rendered":"Norme e-LP"},"content":{"rendered":"<p><strong>Acc\u00e8s rapide<\/strong><\/p>\n<p>\n<table id=\"tablepress-15\" class=\"tablepress tablepress-id-15\">\n<tbody>\n<tr class=\"row-1\">\n\t<td class=\"column-1\">Inscription au r\u00e9seau e-LP <a href=\"https:\/\/eschkg.interweavers.ch?page_id=54&amp;lang=fr\">formulaire en ligne<\/a><\/td>\n<\/tr>\n<tr class=\"row-2\">\n\t<td class=\"column-1\">Demande d\u2019activation <a href=\"https:\/\/eschkg.interweavers.ch?page_id=546&amp;lang=fr\">formulaire en ligne<\/a><\/td>\n<\/tr>\n<tr class=\"row-3\">\n\t<td class=\"column-1\">Annuaire des participants <a href=\"https:\/\/eschkg.interweavers.ch?page_id=858&amp;lang=fr\">\u00e0 t\u00e9l\u00e9charger<\/a><\/td>\n<\/tr>\n<tr class=\"row-4\">\n\t<td class=\"column-1\">Groupe d\u2019utilisateurs <a href=\"https:\/\/eschkg.interweavers.ch?page_id=74&amp;lang=fr\">prochaine s\u00e9ance<\/a><\/td>\n<\/tr>\n<tr class=\"row-5\">\n\t<td class=\"column-1\">eLP 2.2.01 <a href=\"https:\/\/eschkg.interweavers.ch\/?page_id=1072\">Documentation<\/a><\/td>\n<\/tr>\n<tr class=\"row-6\">\n\t<td class=\"column-1\">eLP 2.2.01 <a href=\"https:\/\/eschkg.interweavers.ch\/?page_id=1622\">Fournisseurs test\u00e9s<\/a><\/td>\n<\/tr>\n<\/tbody>\n<\/table>\n<br \/>\n<strong>e-LP est une norme informatique pour l\u2019\u00e9change de donn\u00e9es relatives aux poursuites pour dettes et la faillite entre les personnes physiques, les personnes morales de droit public ou de droit priv\u00e9 et les offices des poursuites. La norme comprend un mod\u00e8le de donn\u00e9es XML et un manuel technique.<\/strong><\/p>\n<p>e-LP a \u00e9t\u00e9 d\u00e9velopp\u00e9 \u00e0 partir de 2006 par l\u2019Office f\u00e9d\u00e9ral de la justice en \u00e9troite collaboration avec les offices des poursuites et le secteur priv\u00e9.<\/p>\n","protected":false},"excerpt":{"rendered":"<p>Acc\u00e8s rapide e-LP est une norme informatique pour l\u2019\u00e9change de donn\u00e9es relatives aux poursuites pour dettes et la faillite entre les personnes physiques, les personnes morales de droit public ou de droit priv\u00e9 et les offices des poursuites. La norme comprend un mod\u00e8le de donn\u00e9es XML et un manuel technique. e-LP a \u00e9t\u00e9 d\u00e9velopp\u00e9 \u00e0 &hellip; <a href=\"https:\/\/eschkg.interweavers.ch\/?page_id=8&#038;lang=fr\" class=\"more-link\"><span class=\"screen-reader-text\">&#8222;Norme e-LP&#8220; <\/span>weiterlesen<\/a><\/p>\n","protected":false},"author":1,"featured_media":0,"parent":0,"menu_order":0,"comment_status":"closed","ping_status":"closed","template":"","meta":{"footnotes":""},"tags":[],"class_list":["post-8","page","type-page","status-publish","hentry"],"_links":{"self":[{"href":"https:\/\/eschkg.interweavers.ch\/index.php?rest_route=\/wp\/v2\/pages\/8","targetHints":{"allow":["GET"]}}],"collection":[{"href":"https:\/\/eschkg.interweavers.ch\/index.php?rest_route=\/wp\/v2\/pages"}],"about":[{"href":"https:\/\/eschkg.interweavers.ch\/index.php?rest_route=\/wp\/v2\/types\/page"}],"author":[{"embeddable":true,"href":"https:\/\/eschkg.interweavers.ch\/index.php?rest_route=\/wp\/v2\/users\/1"}],"replies":[{"embeddable":true,"href":"https:\/\/eschkg.interweavers.ch\/index.php?rest_route=%2Fwp%2Fv2%2Fcomments&post=8"}],"version-history":[{"count":9,"href":"https:\/\/eschkg.interweavers.ch\/index.php?rest_route=\/wp\/v2\/pages\/8\/revisions"}],"predecessor-version":[{"id":1677,"href":"https:\/\/eschkg.interweavers.ch\/index.php?rest_route=\/wp\/v2\/pages\/8\/revisions\/1677"}],"wp:attachment":[{"href":"https:\/\/eschkg.interweavers.ch\/index.php?rest_route=%2Fwp%2Fv2%2Fmedia&parent=8"}],"wp:term":[{"taxonomy":"post_tag","embeddable":true,"href":"https:\/\/eschkg.interweavers.ch\/index.php?rest_route=%2Fwp%2Fv2%2Ftags&post=8"}],"curies":[{"name":"wp","href":"https:\/\/api.w.org\/{rel}","templated":true}]}}