{"id":76,"date":"2016-08-18T11:02:24","date_gmt":"2016-08-18T09:02:24","guid":{"rendered":"http:\/\/eschkg.ch.80-74-146-216.ashley.xelon.ch\/?page_id=76"},"modified":"2018-12-22T12:59:26","modified_gmt":"2018-12-22T11:59:26","slug":"oberaufsicht-im-bj","status":"publish","type":"page","link":"https:\/\/eschkg.interweavers.ch\/?page_id=76","title":{"rendered":"Weisungen der Oberaufsicht"},"content":{"rendered":"<p>Am 1. Januar 2007 ist die Oberaufsicht \u00fcber Schuldbetreibung und Konkurs vom Bundesgericht auf den Bundesrat \u00fcbergegangen. Dieser hat die Oberaufsicht durch eine Verordnung an das Bundesamt f\u00fcr Justiz delegiert und die Dienststelle Oberaufsicht Schuldbetreibung und Konkurs zur selbstst\u00e4ndigen Erledigung folgender Gesch\u00e4fte erm\u00e4chtigt:<\/p>\n<p>1 &#8211; Erlass von Weisungen, Kreisschreiben und Empfehlungen an die kantonalen Aufsichtsbeh\u00f6rden, die Betreibungs- und Konkurs\u00e4mter und die ausseramtlichen Vollstreckungsorgane zur korrekten und einheitlichen Anwendung des SchKG.<\/p>\n<p>2 &#8211; Erstellen von Mustervorlagen f\u00fcr die in den Betreibungs- und Konkursverfahren zu verwendenden Formulare.<\/p>\n<p>3 &#8211; Inspektion der kantonalen Aufsichtsbeh\u00f6rden, der Betreibungs- und Konkurs\u00e4mter und der ausseramtlichen Vollstreckungsorgane.<\/p>\n<p>4 &#8211; Informationen an die kantonalen Aufsichtsbeh\u00f6rden \u00fcber Gesetzesrevisionen und andere f\u00fcr die Anwendung des SchKG wichtige Entwicklungen.<\/p>\n<p>5 &#8211; Durchf\u00fchrung von Anh\u00f6rungen zu geplanten Weisungen, Kreisschreiben, Empfehlungen, Mustervorlagen und Informationen.<\/p>\n","protected":false},"excerpt":{"rendered":"<p>Am 1. Januar 2007 ist die Oberaufsicht \u00fcber Schuldbetreibung und Konkurs vom Bundesgericht auf den Bundesrat \u00fcbergegangen. Dieser hat die Oberaufsicht durch eine Verordnung an das Bundesamt f\u00fcr Justiz delegiert und die Dienststelle Oberaufsicht Schuldbetreibung und Konkurs zur selbstst\u00e4ndigen Erledigung folgender Gesch\u00e4fte erm\u00e4chtigt: 1 &#8211; Erlass von Weisungen, Kreisschreiben und Empfehlungen an die kantonalen Aufsichtsbeh\u00f6rden, &hellip; <a href=\"https:\/\/eschkg.interweavers.ch\/?page_id=76\" class=\"more-link\"><span class=\"screen-reader-text\">&#8222;Weisungen der Oberaufsicht&#8220; <\/span>weiterlesen<\/a><\/p>\n","protected":false},"author":1,"featured_media":0,"parent":0,"menu_order":0,"comment_status":"closed","ping_status":"closed","template":"","meta":{"footnotes":""},"tags":[],"class_list":["post-76","page","type-page","status-publish","hentry"],"_links":{"self":[{"href":"https:\/\/eschkg.interweavers.ch\/index.php?rest_route=\/wp\/v2\/pages\/76","targetHints":{"allow":["GET"]}}],"collection":[{"href":"https:\/\/eschkg.interweavers.ch\/index.php?rest_route=\/wp\/v2\/pages"}],"about":[{"href":"https:\/\/eschkg.interweavers.ch\/index.php?rest_route=\/wp\/v2\/types\/page"}],"author":[{"embeddable":true,"href":"https:\/\/eschkg.interweavers.ch\/index.php?rest_route=\/wp\/v2\/users\/1"}],"replies":[{"embeddable":true,"href":"https:\/\/eschkg.interweavers.ch\/index.php?rest_route=%2Fwp%2Fv2%2Fcomments&post=76"}],"version-history":[{"count":5,"href":"https:\/\/eschkg.interweavers.ch\/index.php?rest_route=\/wp\/v2\/pages\/76\/revisions"}],"predecessor-version":[{"id":588,"href":"https:\/\/eschkg.interweavers.ch\/index.php?rest_route=\/wp\/v2\/pages\/76\/revisions\/588"}],"wp:attachment":[{"href":"https:\/\/eschkg.interweavers.ch\/index.php?rest_route=%2Fwp%2Fv2%2Fmedia&parent=76"}],"wp:term":[{"taxonomy":"post_tag","embeddable":true,"href":"https:\/\/eschkg.interweavers.ch\/index.php?rest_route=%2Fwp%2Fv2%2Ftags&post=76"}],"curies":[{"name":"wp","href":"https:\/\/api.w.org\/{rel}","templated":true}]}}