{"id":74,"date":"2016-08-18T11:01:40","date_gmt":"2016-08-18T09:01:40","guid":{"rendered":"http:\/\/eschkg.ch.80-74-146-216.ashley.xelon.ch\/?page_id=74"},"modified":"2023-03-14T11:05:22","modified_gmt":"2023-03-14T10:05:22","slug":"eschkg-user-group","status":"publish","type":"page","link":"https:\/\/eschkg.interweavers.ch\/?page_id=74","title":{"rendered":"eSchKG User Group"},"content":{"rendered":"<p>Das Bundesamt f\u00fcr Justiz f\u00fchrt regelm\u00e4ssige Informationsanl\u00e4sse zum Thema eSchKG durch. Die Anl\u00e4sse stehen den Mitgliedern des Verbundes sowie allen Interessierten im Bereich eSchKG offen.<\/p>\n<p>Gelegentlich wird die eSchKG User Group per Email \u00fcber relevante Themen zu eSchKG informiert. Um in die Mailingliste aufgenommen zu werden, melden Sie sich bitte unter <a href=\"mailto:eschkg@bj.admin.ch\">eschkg@bj.admin.ch<\/a><\/p>\n","protected":false},"excerpt":{"rendered":"<p>Das Bundesamt f\u00fcr Justiz f\u00fchrt regelm\u00e4ssige Informationsanl\u00e4sse zum Thema eSchKG durch. Die Anl\u00e4sse stehen den Mitgliedern des Verbundes sowie allen Interessierten im Bereich eSchKG offen. Gelegentlich wird die eSchKG User Group per Email \u00fcber relevante Themen zu eSchKG informiert. Um in die Mailingliste aufgenommen zu werden, melden Sie sich bitte unter eschkg@bj.admin.ch<\/p>\n","protected":false},"author":1,"featured_media":0,"parent":0,"menu_order":0,"comment_status":"closed","ping_status":"closed","template":"","meta":{"footnotes":""},"tags":[],"class_list":["post-74","page","type-page","status-publish","hentry"],"_links":{"self":[{"href":"https:\/\/eschkg.interweavers.ch\/index.php?rest_route=\/wp\/v2\/pages\/74","targetHints":{"allow":["GET"]}}],"collection":[{"href":"https:\/\/eschkg.interweavers.ch\/index.php?rest_route=\/wp\/v2\/pages"}],"about":[{"href":"https:\/\/eschkg.interweavers.ch\/index.php?rest_route=\/wp\/v2\/types\/page"}],"author":[{"embeddable":true,"href":"https:\/\/eschkg.interweavers.ch\/index.php?rest_route=\/wp\/v2\/users\/1"}],"replies":[{"embeddable":true,"href":"https:\/\/eschkg.interweavers.ch\/index.php?rest_route=%2Fwp%2Fv2%2Fcomments&post=74"}],"version-history":[{"count":8,"href":"https:\/\/eschkg.interweavers.ch\/index.php?rest_route=\/wp\/v2\/pages\/74\/revisions"}],"predecessor-version":[{"id":2487,"href":"https:\/\/eschkg.interweavers.ch\/index.php?rest_route=\/wp\/v2\/pages\/74\/revisions\/2487"}],"wp:attachment":[{"href":"https:\/\/eschkg.interweavers.ch\/index.php?rest_route=%2Fwp%2Fv2%2Fmedia&parent=74"}],"wp:term":[{"taxonomy":"post_tag","embeddable":true,"href":"https:\/\/eschkg.interweavers.ch\/index.php?rest_route=%2Fwp%2Fv2%2Ftags&post=74"}],"curies":[{"name":"wp","href":"https:\/\/api.w.org\/{rel}","templated":true}]}}