{"id":707,"date":"2017-03-24T21:13:11","date_gmt":"2017-03-24T20:13:11","guid":{"rendered":"http:\/\/eschkg.ch.80-74-146-216.ashley.xelon.ch\/?page_id=707"},"modified":"2021-02-18T13:30:25","modified_gmt":"2021-02-18T12:30:25","slug":"sanitycheck-plus","status":"publish","type":"page","link":"https:\/\/eschkg.interweavers.ch\/?page_id=707","title":{"rendered":"SanityCheck (Plus)"},"content":{"rendered":"<p><a href=\"http:\/\/www.sanitycheck.ch\" target=\"_blank\" rel=\"noopener noreferrer\">www.sanitycheck.ch<\/a><\/p>\n<h3>SanityCheck<\/h3>\n<p>SanityCheck pr\u00fcft XML Dateien auf Konformit\u00e4t zum eSchKG-Standard. Unmittelbar nachdem die Datei via Browser hinauf geladen wurde, gibt SanityCheck einen Pr\u00fcfbericht aus.<\/p>\n<h3>SanityCheck PLUS<\/h3>\n<p>SanityCheck PLUS simuliert die Aktionen eines Betreibungsamtes. Der Dienst nimmt eSchKG Dateien via Sedex entgegen und erzeugt die passenden Antwortmeldungen. Der Benutzer kann die Aktionen des Betreibungsamtes am Browser steuern, z.B. Annahme oder Ablehnung eines Begehrens, das er soeben via Sedex eingereicht hat, dass ein Rechtsvorschlag erfolgen soll und vieles mehr.<\/p>\n<p>Die Pr\u00fcfung mit SanityCheck PLUS ist eine der Massnahmen zur Qualit\u00e4tssicherung und zwingende Voraussetzung, um im eSchKG Verbund aufgenommen zu werden. SanityCheck PLUS erstellt einen elektronischen Pr\u00fcfbericht, der dem Bundesamt f\u00fcr Justiz BJ mit der Bereitschaftsmeldung einzureichen ist.<\/p>\n<h3>Pr\u00fcfkriterien<\/h3>\n\n<table id=\"tablepress-39\" class=\"tablepress tablepress-id-39\">\n<thead>\n<tr class=\"row-1\">\n\t<th class=\"column-1\">Sequenz<\/th><th class=\"column-2\">Meldung<\/th><th class=\"column-3\">Pr\u00fcfkriterien<\/th>\n<\/tr>\n<\/thead>\n<tbody class=\"row-hover\">\n<tr class=\"row-2\">\n\t<td class=\"column-1\">CR<\/td><td class=\"column-2\">CR<\/td><td class=\"column-3\">Strukturell valide, SC Meldung ist aus den Angaben und der Szenarienwahl des Benutzers (z.B. Rechtsvorschlag, mitbetriebene Person etc.) erstellt und versandt worden.<\/td>\n<\/tr>\n<tr class=\"row-3\">\n\t<td class=\"column-1\">CC<\/td><td class=\"column-2\">CC original<\/td><td class=\"column-3\">Strukturell valide, SP Meldung ist aus den Angaben und der Szenarienwahl des Benutzers (z.B. Einkommenspf\u00e4ndung, Pf\u00e4ndungsverlustschein etc.) erstellt und versandt worden.<\/td>\n<\/tr>\n<tr class=\"row-4\">\n\t<td class=\"column-1\">CC<\/td><td class=\"column-2\">CC modified<\/td><td class=\"column-3\">Strukturell valide, SP Meldung ist aus den Angaben und der Szenarienwahl des Benutzers (z.B. Einkommenspf\u00e4ndung, Pf\u00e4ndungsverlustschein etc.) erstellt und versandt worden.<\/td>\n<\/tr>\n<tr class=\"row-5\">\n\t<td class=\"column-1\">CC<\/td><td class=\"column-2\">CC novel<\/td><td class=\"column-3\">Strukturell valide, SP Meldung ist aus den Angaben und der Szenarienwahl des Benutzers (z.B. Einkommenspf\u00e4ndung, Pf\u00e4ndungsverlustschein etc.) erstellt und versandt worden.<\/td>\n<\/tr>\n<tr class=\"row-6\">\n\t<td class=\"column-1\">RR<\/td><td class=\"column-2\">RR<\/td><td class=\"column-3\">Strukturell valide, SA Meldung konnte erstellt und versandt werden.<\/td>\n<\/tr>\n<tr class=\"row-7\">\n\t<td class=\"column-1\">SR<\/td><td class=\"column-2\">SR<\/td><td class=\"column-3\">Strukturell valide, SA Meldung konnte erstellt und versandt werden.<\/td>\n<\/tr>\n<tr class=\"row-8\">\n\t<td class=\"column-1\">PN<\/td><td class=\"column-2\">PN<\/td><td class=\"column-3\">Strukturell valide, SA Meldung konnte erstellt und versandt werden.<\/td>\n<\/tr>\n<tr class=\"row-9\">\n\t<td class=\"column-1\">DI<\/td><td class=\"column-2\">DI<\/td><td class=\"column-3\">Strukturell valide, DR Meldung konnte erstellt und versandt werden.<\/td>\n<\/tr>\n<tr class=\"row-10\">\n\t<td class=\"column-1\">SN<\/td><td class=\"column-2\">SN<\/td><td class=\"column-3\">SENDEN: Strukturell valide.<\/td>\n<\/tr>\n<tr class=\"row-11\">\n\t<td class=\"column-1\">SN<\/td><td class=\"column-2\">SN<\/td><td class=\"column-3\">EMPFANGEN: Selbsttest ohne Pr\u00fcfkriterien.<\/td>\n<\/tr>\n<tr class=\"row-12\">\n\t<td class=\"column-1\">PR<\/td><td class=\"column-2\">PR<\/td><td class=\"column-3\">Selbsttest ohne Pr\u00fcfkriterien.<\/td>\n<\/tr>\n<tr class=\"row-13\">\n\t<td class=\"column-1\">IN<\/td><td class=\"column-2\">IN<\/td><td class=\"column-3\">Selbsttest ohne Pr\u00fcfkriterien.<\/td>\n<\/tr>\n<\/tbody>\n<\/table>\n<!-- #tablepress-39 from cache -->\n","protected":false},"excerpt":{"rendered":"<p>www.sanitycheck.ch SanityCheck SanityCheck pr\u00fcft XML Dateien auf Konformit\u00e4t zum eSchKG-Standard. Unmittelbar nachdem die Datei via Browser hinauf geladen wurde, gibt SanityCheck einen Pr\u00fcfbericht aus. SanityCheck PLUS SanityCheck PLUS simuliert die Aktionen eines Betreibungsamtes. Der Dienst nimmt eSchKG Dateien via Sedex entgegen und erzeugt die passenden Antwortmeldungen. Der Benutzer kann die Aktionen des Betreibungsamtes am Browser &hellip; <a href=\"https:\/\/eschkg.interweavers.ch\/?page_id=707\" class=\"more-link\"><span class=\"screen-reader-text\">&#8222;SanityCheck (Plus)&#8220; <\/span>weiterlesen<\/a><\/p>\n","protected":false},"author":4,"featured_media":0,"parent":0,"menu_order":0,"comment_status":"closed","ping_status":"closed","template":"","meta":{"footnotes":""},"tags":[],"class_list":["post-707","page","type-page","status-publish","hentry"],"_links":{"self":[{"href":"https:\/\/eschkg.interweavers.ch\/index.php?rest_route=\/wp\/v2\/pages\/707","targetHints":{"allow":["GET"]}}],"collection":[{"href":"https:\/\/eschkg.interweavers.ch\/index.php?rest_route=\/wp\/v2\/pages"}],"about":[{"href":"https:\/\/eschkg.interweavers.ch\/index.php?rest_route=\/wp\/v2\/types\/page"}],"author":[{"embeddable":true,"href":"https:\/\/eschkg.interweavers.ch\/index.php?rest_route=\/wp\/v2\/users\/4"}],"replies":[{"embeddable":true,"href":"https:\/\/eschkg.interweavers.ch\/index.php?rest_route=%2Fwp%2Fv2%2Fcomments&post=707"}],"version-history":[{"count":10,"href":"https:\/\/eschkg.interweavers.ch\/index.php?rest_route=\/wp\/v2\/pages\/707\/revisions"}],"predecessor-version":[{"id":2038,"href":"https:\/\/eschkg.interweavers.ch\/index.php?rest_route=\/wp\/v2\/pages\/707\/revisions\/2038"}],"wp:attachment":[{"href":"https:\/\/eschkg.interweavers.ch\/index.php?rest_route=%2Fwp%2Fv2%2Fmedia&parent=707"}],"wp:term":[{"taxonomy":"post_tag","embeddable":true,"href":"https:\/\/eschkg.interweavers.ch\/index.php?rest_route=%2Fwp%2Fv2%2Ftags&post=707"}],"curies":[{"name":"wp","href":"https:\/\/api.w.org\/{rel}","templated":true}]}}