{"id":633,"date":"2017-03-23T15:01:50","date_gmt":"2017-03-23T14:01:50","guid":{"rendered":"http:\/\/eschkg.ch.80-74-146-216.ashley.xelon.ch\/?page_id=633"},"modified":"2023-10-11T08:23:06","modified_gmt":"2023-10-11T06:23:06","slug":"eschkg-news","status":"publish","type":"page","link":"https:\/\/eschkg.interweavers.ch\/?page_id=633","title":{"rendered":"eSchKG News"},"content":{"rendered":"<p><strong>01.07.2023 | Seit dem 1. Juli ist nur noch die eSchKG-Standard Version 2.2.01 produktiv<\/strong><br \/>\nDen Betreibungs\u00e4mtern steht es frei, Meldungen in \u00e4lteren Versionen abzuweisen.\u00a0Vergleiche <a href=\"https:\/\/www.fedlex.admin.ch\/eli\/cc\/2011\/101\/de#sec_5\">Artikel 9 Absatz 4 der eSchKG-Verordnung<\/a>.<\/p>\n<p><strong>10.02.2021 | Software f\u00fcr Betreibungs\u00e4mter zum Rollout in der ganzen Schweiz bereit<\/strong><br \/>\nMit dem heutigen Tag haben alle Anbieter von Fachanwendungen f\u00fcr Betreibungs\u00e4mter ihre eSchKG-Software f\u00fcr Version 2.2.01 erfolgreich gepr\u00fcft.<\/p>\n<p><strong>25.01.2021 | eSchKG Schulung: Videos und Unterlagen<\/strong><br \/>\nPublikation der Video-Aufzeichnungen und kommentierten Pr\u00e4sentationen aus der Online-Schulung vom 14. &#8211; 16. Dezember 2020.<\/p>\n<p><strong>17.10.2020 | Neue Verordnung in Kraft<\/strong><br \/>\nSeit 1. Oktober ist die neue eSchKG-Verordnung in Kraft. Sie regelt die Einf\u00fchrung des eSchKG Standards 2.2.01 Ausgabe September 2020.<\/p>\n<p><strong>27.04.2020 | Nutzungszahlen 2019<\/strong><br \/>\nDie <a href=\"https:\/\/eschkg.interweavers.ch?page_id=28\">Nutzungszahlen<\/a> f\u00fcr das Jahr 2019 sind publiziert.<\/p>\n<p><strong>01.07.2019 | eSchKG 2.2 publiziert<\/strong><br \/>\nSchema und Handbuch sind offiziell publiziert.<\/p>\n<p><strong>27.09.2018 | eSchKG 2.2 Norm (Entwurf)<\/strong><br \/>\nDer Entwurf f\u00fcr die neue Version eSchKG 2.2, die ab 1.1.2020 eingef\u00fchrt sein wird, ist f\u00fcr &#8222;First Movers&#8220; einsehbar.<\/p>\n<p><strong>22.02.2018 | Neue eSchKG Website<\/strong><br \/>\nDie neue eSchKG Homepage ist seit dem 22. Februar 2018 online.<\/p>\n<hr \/>\n<hr \/>\n","protected":false},"excerpt":{"rendered":"<p>01.07.2023 | Seit dem 1. Juli ist nur noch die eSchKG-Standard Version 2.2.01 produktiv Den Betreibungs\u00e4mtern steht es frei, Meldungen in \u00e4lteren Versionen abzuweisen.\u00a0Vergleiche Artikel 9 Absatz 4 der eSchKG-Verordnung. 10.02.2021 | Software f\u00fcr Betreibungs\u00e4mter zum Rollout in der ganzen Schweiz bereit Mit dem heutigen Tag haben alle Anbieter von Fachanwendungen f\u00fcr Betreibungs\u00e4mter ihre eSchKG-Software &hellip; <a href=\"https:\/\/eschkg.interweavers.ch\/?page_id=633\" class=\"more-link\"><span class=\"screen-reader-text\">&#8222;eSchKG News&#8220; <\/span>weiterlesen<\/a><\/p>\n","protected":false},"author":7,"featured_media":0,"parent":0,"menu_order":0,"comment_status":"closed","ping_status":"closed","template":"","meta":{"footnotes":""},"tags":[],"class_list":["post-633","page","type-page","status-publish","hentry"],"_links":{"self":[{"href":"https:\/\/eschkg.interweavers.ch\/index.php?rest_route=\/wp\/v2\/pages\/633","targetHints":{"allow":["GET"]}}],"collection":[{"href":"https:\/\/eschkg.interweavers.ch\/index.php?rest_route=\/wp\/v2\/pages"}],"about":[{"href":"https:\/\/eschkg.interweavers.ch\/index.php?rest_route=\/wp\/v2\/types\/page"}],"author":[{"embeddable":true,"href":"https:\/\/eschkg.interweavers.ch\/index.php?rest_route=\/wp\/v2\/users\/7"}],"replies":[{"embeddable":true,"href":"https:\/\/eschkg.interweavers.ch\/index.php?rest_route=%2Fwp%2Fv2%2Fcomments&post=633"}],"version-history":[{"count":27,"href":"https:\/\/eschkg.interweavers.ch\/index.php?rest_route=\/wp\/v2\/pages\/633\/revisions"}],"predecessor-version":[{"id":2529,"href":"https:\/\/eschkg.interweavers.ch\/index.php?rest_route=\/wp\/v2\/pages\/633\/revisions\/2529"}],"wp:attachment":[{"href":"https:\/\/eschkg.interweavers.ch\/index.php?rest_route=%2Fwp%2Fv2%2Fmedia&parent=633"}],"wp:term":[{"taxonomy":"post_tag","embeddable":true,"href":"https:\/\/eschkg.interweavers.ch\/index.php?rest_route=%2Fwp%2Fv2%2Ftags&post=633"}],"curies":[{"name":"wp","href":"https:\/\/api.w.org\/{rel}","templated":true}]}}