{"id":62,"date":"2016-08-18T10:58:30","date_gmt":"2016-08-18T08:58:30","guid":{"rendered":"http:\/\/eschkg.ch.80-74-146-216.ashley.xelon.ch\/?page_id=62"},"modified":"2023-12-22T15:13:46","modified_gmt":"2023-12-22T14:13:46","slug":"zustaendigkeiten","status":"publish","type":"page","link":"https:\/\/eschkg.interweavers.ch\/?page_id=62","title":{"rendered":"Zust\u00e4ndiges Betreibungsamt"},"content":{"rendered":"<p><strong>Zust\u00e4ndiges Amt finden<\/strong><br \/>Das zust\u00e4ndige Betreibungsamt befindet sich am Wohnort bzw. Sitz des Schuldners. Das richtige Betreibungsamt zu ermitteln ist Sache des Gl\u00e4ubigers.<\/p>\n<p><strong>Online Abfrage<\/strong><br \/>F\u00fcr die Ermittlung des zust\u00e4ndigen Amtes auf Basis des Wohnortes des Schuldners steht eine online Abfrage zur Verf\u00fcgung:<br \/><a href=\"https:\/\/www.easygov.swiss\/easygov\/#\/de\/betreibungen\" target=\"_blank\" rel=\"noopener noreferrer\">Zust\u00e4ndiges Amt finden (EasyGov)<\/a><\/p>\n\n\n<p><\/p>\n","protected":false},"excerpt":{"rendered":"<p>Zust\u00e4ndiges Amt findenDas zust\u00e4ndige Betreibungsamt befindet sich am Wohnort bzw. Sitz des Schuldners. Das richtige Betreibungsamt zu ermitteln ist Sache des Gl\u00e4ubigers. Online AbfrageF\u00fcr die Ermittlung des zust\u00e4ndigen Amtes auf Basis des Wohnortes des Schuldners steht eine online Abfrage zur Verf\u00fcgung:Zust\u00e4ndiges Amt finden (EasyGov)<\/p>\n","protected":false},"author":1,"featured_media":0,"parent":0,"menu_order":0,"comment_status":"closed","ping_status":"closed","template":"","meta":{"footnotes":""},"tags":[],"class_list":["post-62","page","type-page","status-publish","hentry"],"_links":{"self":[{"href":"https:\/\/eschkg.interweavers.ch\/index.php?rest_route=\/wp\/v2\/pages\/62","targetHints":{"allow":["GET"]}}],"collection":[{"href":"https:\/\/eschkg.interweavers.ch\/index.php?rest_route=\/wp\/v2\/pages"}],"about":[{"href":"https:\/\/eschkg.interweavers.ch\/index.php?rest_route=\/wp\/v2\/types\/page"}],"author":[{"embeddable":true,"href":"https:\/\/eschkg.interweavers.ch\/index.php?rest_route=\/wp\/v2\/users\/1"}],"replies":[{"embeddable":true,"href":"https:\/\/eschkg.interweavers.ch\/index.php?rest_route=%2Fwp%2Fv2%2Fcomments&post=62"}],"version-history":[{"count":8,"href":"https:\/\/eschkg.interweavers.ch\/index.php?rest_route=\/wp\/v2\/pages\/62\/revisions"}],"predecessor-version":[{"id":2572,"href":"https:\/\/eschkg.interweavers.ch\/index.php?rest_route=\/wp\/v2\/pages\/62\/revisions\/2572"}],"wp:attachment":[{"href":"https:\/\/eschkg.interweavers.ch\/index.php?rest_route=%2Fwp%2Fv2%2Fmedia&parent=62"}],"wp:term":[{"taxonomy":"post_tag","embeddable":true,"href":"https:\/\/eschkg.interweavers.ch\/index.php?rest_route=%2Fwp%2Fv2%2Ftags&post=62"}],"curies":[{"name":"wp","href":"https:\/\/api.w.org\/{rel}","templated":true}]}}