{"id":590,"date":"2017-03-21T13:59:07","date_gmt":"2017-03-21T12:59:07","guid":{"rendered":"http:\/\/eschkg.ch.80-74-146-216.ashley.xelon.ch\/?page_id=590"},"modified":"2019-02-13T15:41:17","modified_gmt":"2019-02-13T14:41:17","slug":"eschkg-developers-group","status":"publish","type":"page","link":"https:\/\/eschkg.interweavers.ch\/?page_id=590","title":{"rendered":"eSchKG Developers Group"},"content":{"rendered":"<p>Die Anbieter von Anwendungssoftware f\u00fcr Betreibungs\u00e4mter sind in der Developers Group organisiert. Die Gruppe trifft sich regelm\u00e4ssig, um betriebliche Probleme zu l\u00f6sen und Anregungen f\u00fcr die Weiterentwicklung des Standards von Seiten der \u00c4mter einzubringen.<\/p>\n","protected":false},"excerpt":{"rendered":"<p>Die Anbieter von Anwendungssoftware f\u00fcr Betreibungs\u00e4mter sind in der Developers Group organisiert. Die Gruppe trifft sich regelm\u00e4ssig, um betriebliche Probleme zu l\u00f6sen und Anregungen f\u00fcr die Weiterentwicklung des Standards von Seiten der \u00c4mter einzubringen.<\/p>\n","protected":false},"author":7,"featured_media":0,"parent":0,"menu_order":0,"comment_status":"closed","ping_status":"closed","template":"","meta":{"footnotes":""},"tags":[],"class_list":["post-590","page","type-page","status-publish","hentry"],"_links":{"self":[{"href":"https:\/\/eschkg.interweavers.ch\/index.php?rest_route=\/wp\/v2\/pages\/590","targetHints":{"allow":["GET"]}}],"collection":[{"href":"https:\/\/eschkg.interweavers.ch\/index.php?rest_route=\/wp\/v2\/pages"}],"about":[{"href":"https:\/\/eschkg.interweavers.ch\/index.php?rest_route=\/wp\/v2\/types\/page"}],"author":[{"embeddable":true,"href":"https:\/\/eschkg.interweavers.ch\/index.php?rest_route=\/wp\/v2\/users\/7"}],"replies":[{"embeddable":true,"href":"https:\/\/eschkg.interweavers.ch\/index.php?rest_route=%2Fwp%2Fv2%2Fcomments&post=590"}],"version-history":[{"count":3,"href":"https:\/\/eschkg.interweavers.ch\/index.php?rest_route=\/wp\/v2\/pages\/590\/revisions"}],"predecessor-version":[{"id":608,"href":"https:\/\/eschkg.interweavers.ch\/index.php?rest_route=\/wp\/v2\/pages\/590\/revisions\/608"}],"wp:attachment":[{"href":"https:\/\/eschkg.interweavers.ch\/index.php?rest_route=%2Fwp%2Fv2%2Fmedia&parent=590"}],"wp:term":[{"taxonomy":"post_tag","embeddable":true,"href":"https:\/\/eschkg.interweavers.ch\/index.php?rest_route=%2Fwp%2Fv2%2Ftags&post=590"}],"curies":[{"name":"wp","href":"https:\/\/api.w.org\/{rel}","templated":true}]}}