{"id":56,"date":"2016-08-18T10:57:32","date_gmt":"2016-08-18T08:57:32","guid":{"rendered":"http:\/\/eschkg.ch.80-74-146-216.ashley.xelon.ch\/?page_id=56"},"modified":"2018-12-22T12:56:04","modified_gmt":"2018-12-22T11:56:04","slug":"bereitschaftsmeldung","status":"publish","type":"page","link":"https:\/\/eschkg.interweavers.ch\/?page_id=56","title":{"rendered":"Bereitschaftsmeldung"},"content":{"rendered":"<p>Zum <a href=\"https:\/\/eschkg.interweavers.ch?page_id=546\">Web-Formular<\/a><\/p>\n<p><strong>Das passiert bei der Bereitschaftsmeldung<\/strong><br \/>\nMit der Bereitschaftsmeldung zeigt der Gl\u00e4ubiger dem Bundesamt f\u00fcr Justiz BJ an, dass er f\u00fcr den operativen Betrieb bereit ist und in den eSchKG-Verbund aufgenommen werden m\u00f6chte. Nach Erhalt der Bereitschaftsmeldung pr\u00fcft das Bundesamt f\u00fcr Justiz BJ den Antrag und sendet dem Gl\u00e4ubiger die eSchKG-Vereinbarung mit der SN Meldung zu. Diese ist durch den Gl\u00e4ubiger rechtsg\u00fcltig zu unterzeichnen, bei Firmen durch eine zeichnungsberechtigte Person gem\u00e4ss Handelsregister, bei Amtsstellen durch den Amtsleiter, und an das Bundesamt f\u00fcr Justiz BJ zur\u00fcckzusenden. Die Aufschaltung erfolgt nach M\u00f6glichkeit auf den gew\u00fcnschten Termin.<\/p>\n<p><strong>Bereitschaft rechtzeitig melden<\/strong><br \/>\nBitte beachten Sie, dass die Bereitschaftsmeldung mindestens 2 Wochen vor dem gew\u00fcnschten Aufschalttermin im Bundesamt f\u00fcr Justiz BJ eintreffen muss.<\/p>\n","protected":false},"excerpt":{"rendered":"<p>Zum Web-Formular Das passiert bei der Bereitschaftsmeldung Mit der Bereitschaftsmeldung zeigt der Gl\u00e4ubiger dem Bundesamt f\u00fcr Justiz BJ an, dass er f\u00fcr den operativen Betrieb bereit ist und in den eSchKG-Verbund aufgenommen werden m\u00f6chte. Nach Erhalt der Bereitschaftsmeldung pr\u00fcft das Bundesamt f\u00fcr Justiz BJ den Antrag und sendet dem Gl\u00e4ubiger die eSchKG-Vereinbarung mit der SN &hellip; <a href=\"https:\/\/eschkg.interweavers.ch\/?page_id=56\" class=\"more-link\"><span class=\"screen-reader-text\">&#8222;Bereitschaftsmeldung&#8220; <\/span>weiterlesen<\/a><\/p>\n","protected":false},"author":1,"featured_media":0,"parent":0,"menu_order":0,"comment_status":"closed","ping_status":"closed","template":"","meta":{"footnotes":""},"tags":[],"class_list":["post-56","page","type-page","status-publish","hentry"],"_links":{"self":[{"href":"https:\/\/eschkg.interweavers.ch\/index.php?rest_route=\/wp\/v2\/pages\/56","targetHints":{"allow":["GET"]}}],"collection":[{"href":"https:\/\/eschkg.interweavers.ch\/index.php?rest_route=\/wp\/v2\/pages"}],"about":[{"href":"https:\/\/eschkg.interweavers.ch\/index.php?rest_route=\/wp\/v2\/types\/page"}],"author":[{"embeddable":true,"href":"https:\/\/eschkg.interweavers.ch\/index.php?rest_route=\/wp\/v2\/users\/1"}],"replies":[{"embeddable":true,"href":"https:\/\/eschkg.interweavers.ch\/index.php?rest_route=%2Fwp%2Fv2%2Fcomments&post=56"}],"version-history":[{"count":7,"href":"https:\/\/eschkg.interweavers.ch\/index.php?rest_route=\/wp\/v2\/pages\/56\/revisions"}],"predecessor-version":[{"id":875,"href":"https:\/\/eschkg.interweavers.ch\/index.php?rest_route=\/wp\/v2\/pages\/56\/revisions\/875"}],"wp:attachment":[{"href":"https:\/\/eschkg.interweavers.ch\/index.php?rest_route=%2Fwp%2Fv2%2Fmedia&parent=56"}],"wp:term":[{"taxonomy":"post_tag","embeddable":true,"href":"https:\/\/eschkg.interweavers.ch\/index.php?rest_route=%2Fwp%2Fv2%2Ftags&post=56"}],"curies":[{"name":"wp","href":"https:\/\/api.w.org\/{rel}","templated":true}]}}