{"id":49,"date":"2016-08-18T10:56:32","date_gmt":"2016-08-18T08:56:32","guid":{"rendered":"http:\/\/eschkg.ch.80-74-146-216.ashley.xelon.ch\/?page_id=49"},"modified":"2022-10-11T11:06:00","modified_gmt":"2022-10-11T09:06:00","slug":"make-or-buy","status":"publish","type":"page","link":"https:\/\/eschkg.interweavers.ch\/?page_id=49","title":{"rendered":"Make or Buy"},"content":{"rendered":"<p><strong>Eigenentwicklung (Make)<\/strong><br \/>\nDer eSchKG Standard ist umfangreich dokumentiert. Studieren Sie das <a href=\"https:\/\/eschkg.interweavers.ch\/wp-content\/uploads\/2022\/07\/eSchKG_2.2.01_Juni_2022_DE.pdf\">Handbuch<\/a> eingehend, bevor Sie die Projektleitung um Unterst\u00fctzung anfragen. Beachten Sie bitte, dass die Projektleitung nur punktuell Anfragen per Email anbieten kann. Sie tut das auch nur unter der Voraussetzung, dass der Kunde das Handbuch gelesen hat.<\/p>\n<p><strong>Zukauf von Software (Buy)<\/strong><br \/>\neSchKG wird von <a href=\"https:\/\/eschkg.interweavers.ch?page_id=1620\">gepr\u00fcften Anbietern<\/a> von Gl\u00e4ubiger-Software unterst\u00fctzt. Wer eine gepr\u00fcfte Software einsetzt, ben\u00f6tigt keine separate Sanity Check Pr\u00fcfung bei der Bereitschaftsmeldung.<\/p>\n","protected":false},"excerpt":{"rendered":"<p>Eigenentwicklung (Make) Der eSchKG Standard ist umfangreich dokumentiert. Studieren Sie das Handbuch eingehend, bevor Sie die Projektleitung um Unterst\u00fctzung anfragen. Beachten Sie bitte, dass die Projektleitung nur punktuell Anfragen per Email anbieten kann. Sie tut das auch nur unter der Voraussetzung, dass der Kunde das Handbuch gelesen hat. Zukauf von Software (Buy) eSchKG wird von &hellip; <a href=\"https:\/\/eschkg.interweavers.ch\/?page_id=49\" class=\"more-link\"><span class=\"screen-reader-text\">&#8222;Make or Buy&#8220; <\/span>weiterlesen<\/a><\/p>\n","protected":false},"author":1,"featured_media":0,"parent":0,"menu_order":0,"comment_status":"closed","ping_status":"closed","template":"","meta":{"footnotes":""},"tags":[],"class_list":["post-49","page","type-page","status-publish","hentry"],"_links":{"self":[{"href":"https:\/\/eschkg.interweavers.ch\/index.php?rest_route=\/wp\/v2\/pages\/49","targetHints":{"allow":["GET"]}}],"collection":[{"href":"https:\/\/eschkg.interweavers.ch\/index.php?rest_route=\/wp\/v2\/pages"}],"about":[{"href":"https:\/\/eschkg.interweavers.ch\/index.php?rest_route=\/wp\/v2\/types\/page"}],"author":[{"embeddable":true,"href":"https:\/\/eschkg.interweavers.ch\/index.php?rest_route=\/wp\/v2\/users\/1"}],"replies":[{"embeddable":true,"href":"https:\/\/eschkg.interweavers.ch\/index.php?rest_route=%2Fwp%2Fv2%2Fcomments&post=49"}],"version-history":[{"count":11,"href":"https:\/\/eschkg.interweavers.ch\/index.php?rest_route=\/wp\/v2\/pages\/49\/revisions"}],"predecessor-version":[{"id":2395,"href":"https:\/\/eschkg.interweavers.ch\/index.php?rest_route=\/wp\/v2\/pages\/49\/revisions\/2395"}],"wp:attachment":[{"href":"https:\/\/eschkg.interweavers.ch\/index.php?rest_route=%2Fwp%2Fv2%2Fmedia&parent=49"}],"wp:term":[{"taxonomy":"post_tag","embeddable":true,"href":"https:\/\/eschkg.interweavers.ch\/index.php?rest_route=%2Fwp%2Fv2%2Ftags&post=49"}],"curies":[{"name":"wp","href":"https:\/\/api.w.org\/{rel}","templated":true}]}}