{"id":47,"date":"2016-08-18T10:56:18","date_gmt":"2016-08-18T08:56:18","guid":{"rendered":"http:\/\/eschkg.ch.80-74-146-216.ashley.xelon.ch\/?page_id=47"},"modified":"2020-10-17T14:48:30","modified_gmt":"2020-10-17T12:48:30","slug":"fruehere-versionen","status":"publish","type":"page","link":"https:\/\/eschkg.interweavers.ch\/?page_id=47","title":{"rendered":"Fr\u00fchere eSchKG Versionen"},"content":{"rendered":"\n<p>Betreibungs\u00e4mter sind bis zum 30. Juni 2023 verpflichtet, von nat\u00fcrlichen und von juristischen Personen, die vor dem 31. M\u00e4rz 2021 in den eSchKG-Verbund aufgenommen wurden, Eingaben gem\u00e4ss eSchKG-Standard 2.1.01 zu verarbeiten und zu beantworten.<\/p>\n\n\n\n<p>XML Schema 2.1.01 (<a href=\"https:\/\/eschkg.interweavers.ch\/wp-content\/uploads\/2017\/02\/eSchKG_2.1.01.xsd\" target=\"_blank\" rel=\"noreferrer noopener\">XSD<\/a>)  |  Handb\u00fccher 2.1.01 (<a rel=\"noreferrer noopener\" href=\"https:\/\/eschkg.interweavers.ch\/wp-content\/uploads\/2019\/08\/eSchKG_Handbuecher_2.1.01_2017.pdf\" target=\"_blank\">PDF<\/a>)<\/p>\n\n\n\n<hr class=\"wp-block-separator\"\/>\n\n\n<p>Die Versionen 1.1a und 2.0.014 werden seit dem 1. Januar 2017 offiziell nicht mehr unterst\u00fctzt. Die Betreibungs\u00e4mter sind seither berechtigt, Meldungen in diesen Versionen zur\u00fcckzuweisen.<\/p>\n<p>XML Schema 1.1a (<a href=\"https:\/\/eschkg.interweavers.ch\/wp-content\/uploads\/2018\/01\/eSchKG_Schema_1.1a.xsd\" target=\"_blank\" rel=\"noopener noreferrer\">XSD<\/a>)&nbsp; |&nbsp; XML Schema 2.0.014 (<a href=\"https:\/\/eschkg.interweavers.ch\/wp-content\/uploads\/2018\/01\/eSchKG_2.0.014.xsd\" target=\"_blank\" rel=\"noopener noreferrer\">XSD<\/a>)<\/p>\n\n\n<p><\/p>\n","protected":false},"excerpt":{"rendered":"<p>Betreibungs\u00e4mter sind bis zum 30. Juni 2023 verpflichtet, von nat\u00fcrlichen und von juristischen Personen, die vor dem 31. M\u00e4rz 2021 in den eSchKG-Verbund aufgenommen wurden, Eingaben gem\u00e4ss eSchKG-Standard 2.1.01 zu verarbeiten und zu beantworten. XML Schema 2.1.01 (XSD) | Handb\u00fccher 2.1.01 (PDF) Die Versionen 1.1a und 2.0.014 werden seit dem 1. Januar 2017 offiziell nicht &hellip; <a href=\"https:\/\/eschkg.interweavers.ch\/?page_id=47\" class=\"more-link\"><span class=\"screen-reader-text\">&#8222;Fr\u00fchere eSchKG Versionen&#8220; <\/span>weiterlesen<\/a><\/p>\n","protected":false},"author":1,"featured_media":0,"parent":0,"menu_order":0,"comment_status":"closed","ping_status":"closed","template":"","meta":{"footnotes":""},"tags":[],"class_list":["post-47","page","type-page","status-publish","hentry"],"_links":{"self":[{"href":"https:\/\/eschkg.interweavers.ch\/index.php?rest_route=\/wp\/v2\/pages\/47","targetHints":{"allow":["GET"]}}],"collection":[{"href":"https:\/\/eschkg.interweavers.ch\/index.php?rest_route=\/wp\/v2\/pages"}],"about":[{"href":"https:\/\/eschkg.interweavers.ch\/index.php?rest_route=\/wp\/v2\/types\/page"}],"author":[{"embeddable":true,"href":"https:\/\/eschkg.interweavers.ch\/index.php?rest_route=\/wp\/v2\/users\/1"}],"replies":[{"embeddable":true,"href":"https:\/\/eschkg.interweavers.ch\/index.php?rest_route=%2Fwp%2Fv2%2Fcomments&post=47"}],"version-history":[{"count":17,"href":"https:\/\/eschkg.interweavers.ch\/index.php?rest_route=\/wp\/v2\/pages\/47\/revisions"}],"predecessor-version":[{"id":1795,"href":"https:\/\/eschkg.interweavers.ch\/index.php?rest_route=\/wp\/v2\/pages\/47\/revisions\/1795"}],"wp:attachment":[{"href":"https:\/\/eschkg.interweavers.ch\/index.php?rest_route=%2Fwp%2Fv2%2Fmedia&parent=47"}],"wp:term":[{"taxonomy":"post_tag","embeddable":true,"href":"https:\/\/eschkg.interweavers.ch\/index.php?rest_route=%2Fwp%2Fv2%2Ftags&post=47"}],"curies":[{"name":"wp","href":"https:\/\/api.w.org\/{rel}","templated":true}]}}