{"id":14,"date":"2016-08-18T10:48:38","date_gmt":"2016-08-18T08:48:38","guid":{"rendered":"http:\/\/eschkg.ch.80-74-146-216.ashley.xelon.ch\/?page_id=14"},"modified":"2024-02-28T07:22:00","modified_gmt":"2024-02-28T06:22:00","slug":"steuerung-und-fuehrung","status":"publish","type":"page","link":"https:\/\/eschkg.interweavers.ch\/?page_id=14","title":{"rendered":"Steuerung und F\u00fchrung"},"content":{"rendered":"<p><strong>Auftraggeber eSchKG<\/strong><br \/>\nSerge Guignard, Vizedirektor und Leiter Direktionsbereich Zentrale Dienste, Bundesamt f\u00fcr Justiz BJ<\/p>\n<p><strong>Projektleiter eSchKG<\/strong><br \/>\nUrs Paul Holenstein, Chef Fachbereich Rechtsinformatik, Bundesamt f\u00fcr Justiz BJ<\/p>\n<p><strong>Technischer Support i.A. des Bundesamts f\u00fcr Justiz BJ<\/strong><br \/>\nIndato GmbH, Bern<\/p>\n<p><strong>Dienststelle Oberaufsicht SchKG<\/strong><br \/>\nRodrigo Rodriguez, Wissenschaftlicher Berater (Direktionsbereich Privatrecht), Bundesamt f\u00fcr Justiz BJ<\/p>\n","protected":false},"excerpt":{"rendered":"<p>Auftraggeber eSchKG Serge Guignard, Vizedirektor und Leiter Direktionsbereich Zentrale Dienste, Bundesamt f\u00fcr Justiz BJ Projektleiter eSchKG Urs Paul Holenstein, Chef Fachbereich Rechtsinformatik, Bundesamt f\u00fcr Justiz BJ Technischer Support i.A. des Bundesamts f\u00fcr Justiz BJ Indato GmbH, Bern Dienststelle Oberaufsicht SchKG Rodrigo Rodriguez, Wissenschaftlicher Berater (Direktionsbereich Privatrecht), Bundesamt f\u00fcr Justiz BJ<\/p>\n","protected":false},"author":1,"featured_media":0,"parent":0,"menu_order":0,"comment_status":"closed","ping_status":"closed","template":"","meta":{"footnotes":""},"tags":[],"class_list":["post-14","page","type-page","status-publish","hentry"],"_links":{"self":[{"href":"https:\/\/eschkg.interweavers.ch\/index.php?rest_route=\/wp\/v2\/pages\/14","targetHints":{"allow":["GET"]}}],"collection":[{"href":"https:\/\/eschkg.interweavers.ch\/index.php?rest_route=\/wp\/v2\/pages"}],"about":[{"href":"https:\/\/eschkg.interweavers.ch\/index.php?rest_route=\/wp\/v2\/types\/page"}],"author":[{"embeddable":true,"href":"https:\/\/eschkg.interweavers.ch\/index.php?rest_route=\/wp\/v2\/users\/1"}],"replies":[{"embeddable":true,"href":"https:\/\/eschkg.interweavers.ch\/index.php?rest_route=%2Fwp%2Fv2%2Fcomments&post=14"}],"version-history":[{"count":18,"href":"https:\/\/eschkg.interweavers.ch\/index.php?rest_route=\/wp\/v2\/pages\/14\/revisions"}],"predecessor-version":[{"id":2596,"href":"https:\/\/eschkg.interweavers.ch\/index.php?rest_route=\/wp\/v2\/pages\/14\/revisions\/2596"}],"wp:attachment":[{"href":"https:\/\/eschkg.interweavers.ch\/index.php?rest_route=%2Fwp%2Fv2%2Fmedia&parent=14"}],"wp:term":[{"taxonomy":"post_tag","embeddable":true,"href":"https:\/\/eschkg.interweavers.ch\/index.php?rest_route=%2Fwp%2Fv2%2Ftags&post=14"}],"curies":[{"name":"wp","href":"https:\/\/api.w.org\/{rel}","templated":true}]}}