{"id":1342,"date":"2019-02-13T17:49:30","date_gmt":"2019-02-13T16:49:30","guid":{"rendered":"https:\/\/eschkg.interweavers.ch\/?page_id=1342"},"modified":"2021-02-18T13:38:36","modified_gmt":"2021-02-18T12:38:36","slug":"sanity-check-plus","status":"publish","type":"page","link":"https:\/\/eschkg.interweavers.ch\/?page_id=1342&lang=it","title":{"rendered":"SanityCheck (Plus)"},"content":{"rendered":"<p><a href=\"http:\/\/www.sanitycheck.ch\" target=\"_blank\" rel=\"noopener noreferrer\">www.sanitycheck.ch<\/a><\/p>\n<h3>SanityCheck<\/h3>\n<p>SanityCheck \u00e8 un\u2019applicazione che permette di verificare la conformit\u00e0 dei file XML allo standard e-LEF. Non appena il file \u00e8 caricato tramite il browser, SanityCheck elabora un rapporto di verifica.<\/p>\n<h3>SanityCheck PLUS<\/h3>\n<p>SanityCheck PLUS \u00e8 un\u2019applicazione che permette di simulare esecuzioni. Svolge il ruolo di un ufficio d\u2019esecuzione che riceve i messaggi test tramite Sedex e genera le risposte appropriate. L\u2019utente pu\u00f2 gestire le azioni dell\u2019ufficio tramite il browser, ad esempio accettare o rifiutare una domanda inviata tramite Sedex, o decidere di fare opposizione.<\/p>\n<p>La verifica con SanityCheck PLUS \u00e8 una misura per il controllo della qualit\u00e0 e costituisce una condizione imperativa per aderire al gruppo e-LEF. SanityCheck PLUS elabora un rapporto elettronico di verifica che deve essere allegato alla richiesta di attivazione inviata all\u2019Ufficio federale di giustizia.<\/p>\n\n\n<h3 class=\"wp-block-heading\">Criteri die prova<\/h3>\n\n\n\n\n<table id=\"tablepress-41\" class=\"tablepress tablepress-id-41\">\n<thead>\n<tr class=\"row-1\">\n\t<th class=\"column-1\">Sequenze<\/th><th class=\"column-2\">Messaggio<\/th><th class=\"column-3\">Criteri di prova<\/th>\n<\/tr>\n<\/thead>\n<tbody class=\"row-hover\">\n<tr class=\"row-2\">\n\t<td class=\"column-1\">CR<\/td><td class=\"column-2\">CR<\/td><td class=\"column-3\">Strutturalmente valido. Il messaggio SC \u00e8 stato creato e inviato in base alle informazioni e alla scelta dello scenario dell'utente (per esempio, opposizione, co-escussa, ecc.)<\/td>\n<\/tr>\n<tr class=\"row-3\">\n\t<td class=\"column-1\">CC<\/td><td class=\"column-2\">CC original<\/td><td class=\"column-3\">Strutturalmente valido. Il messaggio SP \u00e8 stato creato e inviato in base alle informazioni dell'utente e alla selezione dello scenario (per esempio, pignoramento di salario, attestato di carenza di beni dopo ignoramento, ecc.)<\/td>\n<\/tr>\n<tr class=\"row-4\">\n\t<td class=\"column-1\">CC<\/td><td class=\"column-2\">CC modified<\/td><td class=\"column-3\">Strutturalmente valido. Il messaggio SP \u00e8 stato creato e inviato in base alle informazioni dell'utente e alla selezione dello scenario (per esempio, pignoramento di salario, attestato di carenza di beni dopo ignoramento, ecc.)<\/td>\n<\/tr>\n<tr class=\"row-5\">\n\t<td class=\"column-1\">CC<\/td><td class=\"column-2\">CC novel<\/td><td class=\"column-3\">Strutturalmente valido. Il messaggio SP \u00e8 stato creato e inviato in base alle informazioni dell'utente e alla selezione dello scenario (per esempio, pignoramento di salario, attestato di carenza di beni dopo ignoramento, ecc.)<\/td>\n<\/tr>\n<tr class=\"row-6\">\n\t<td class=\"column-1\">RR<\/td><td class=\"column-2\">RR<\/td><td class=\"column-3\">Strutturalmente valido. Il messaggio SA \u00e8 stato creato e inviato.<\/td>\n<\/tr>\n<tr class=\"row-7\">\n\t<td class=\"column-1\">SR<\/td><td class=\"column-2\">SR<\/td><td class=\"column-3\">Strutturalmente valido. Il messaggio SA \u00e8 stato creato e inviato.<\/td>\n<\/tr>\n<tr class=\"row-8\">\n\t<td class=\"column-1\">PN<\/td><td class=\"column-2\">PN<\/td><td class=\"column-3\">Strutturalmente valido. Il messaggio SA \u00e8 stato creato e inviato.<\/td>\n<\/tr>\n<tr class=\"row-9\">\n\t<td class=\"column-1\">DI<\/td><td class=\"column-2\">DI<\/td><td class=\"column-3\">Strutturalmente valido. Il messaggio DR \u00e8 stato creato e inviato.<\/td>\n<\/tr>\n<tr class=\"row-10\">\n\t<td class=\"column-1\">SN<\/td><td class=\"column-2\">SN<\/td><td class=\"column-3\">INVIA: Strutturalmente valido.<\/td>\n<\/tr>\n<tr class=\"row-11\">\n\t<td class=\"column-1\">SN<\/td><td class=\"column-2\">SN<\/td><td class=\"column-3\">RICEVUTO: Autotest senza criteri di prova.<\/td>\n<\/tr>\n<tr class=\"row-12\">\n\t<td class=\"column-1\">PR<\/td><td class=\"column-2\">PR<\/td><td class=\"column-3\">Autotest senza criteri di prova.<\/td>\n<\/tr>\n<tr class=\"row-13\">\n\t<td class=\"column-1\">IN<\/td><td class=\"column-2\">IN<\/td><td class=\"column-3\">Autotest senza criteri di prova.<\/td>\n<\/tr>\n<\/tbody>\n<\/table>\n\n","protected":false},"excerpt":{"rendered":"<p>www.sanitycheck.ch SanityCheck SanityCheck \u00e8 un\u2019applicazione che permette di verificare la conformit\u00e0 dei file XML allo standard e-LEF. Non appena il file \u00e8 caricato tramite il browser, SanityCheck elabora un rapporto di verifica. SanityCheck PLUS SanityCheck PLUS \u00e8 un\u2019applicazione che permette di simulare esecuzioni. Svolge il ruolo di un ufficio d\u2019esecuzione che riceve i messaggi test &hellip; <a href=\"https:\/\/eschkg.interweavers.ch\/?page_id=1342&#038;lang=it\" class=\"more-link\"><span class=\"screen-reader-text\">&#8222;SanityCheck (Plus)&#8220; <\/span>weiterlesen<\/a><\/p>\n","protected":false},"author":7,"featured_media":0,"parent":0,"menu_order":0,"comment_status":"closed","ping_status":"closed","template":"","meta":{"footnotes":""},"tags":[],"class_list":["post-1342","page","type-page","status-publish","hentry"],"_links":{"self":[{"href":"https:\/\/eschkg.interweavers.ch\/index.php?rest_route=\/wp\/v2\/pages\/1342","targetHints":{"allow":["GET"]}}],"collection":[{"href":"https:\/\/eschkg.interweavers.ch\/index.php?rest_route=\/wp\/v2\/pages"}],"about":[{"href":"https:\/\/eschkg.interweavers.ch\/index.php?rest_route=\/wp\/v2\/types\/page"}],"author":[{"embeddable":true,"href":"https:\/\/eschkg.interweavers.ch\/index.php?rest_route=\/wp\/v2\/users\/7"}],"replies":[{"embeddable":true,"href":"https:\/\/eschkg.interweavers.ch\/index.php?rest_route=%2Fwp%2Fv2%2Fcomments&post=1342"}],"version-history":[{"count":5,"href":"https:\/\/eschkg.interweavers.ch\/index.php?rest_route=\/wp\/v2\/pages\/1342\/revisions"}],"predecessor-version":[{"id":2041,"href":"https:\/\/eschkg.interweavers.ch\/index.php?rest_route=\/wp\/v2\/pages\/1342\/revisions\/2041"}],"wp:attachment":[{"href":"https:\/\/eschkg.interweavers.ch\/index.php?rest_route=%2Fwp%2Fv2%2Fmedia&parent=1342"}],"wp:term":[{"taxonomy":"post_tag","embeddable":true,"href":"https:\/\/eschkg.interweavers.ch\/index.php?rest_route=%2Fwp%2Fv2%2Ftags&post=1342"}],"curies":[{"name":"wp","href":"https:\/\/api.w.org\/{rel}","templated":true}]}}