{"id":1155,"date":"2016-08-18T10:57:44","date_gmt":"2016-08-18T08:57:44","guid":{"rendered":"https:\/\/eschkg.interweavers.ch\/?page_id=1155"},"modified":"2018-12-19T19:10:12","modified_gmt":"2018-12-19T18:10:12","slug":"hilfe-und-support","status":"publish","type":"page","link":"https:\/\/eschkg.interweavers.ch\/?page_id=1155&lang=fr","title":{"rendered":"Aide et assistance technique"},"content":{"rendered":"\n<table id=\"tablepress-24\" class=\"tablepress tablepress-id-24\">\n<tbody>\n<tr class=\"row-1\">\n\t<td class=\"column-1\"><strong>Th\u00e8mes g\u00e9n\u00e9raux<\/strong><br \/>\nLP, bases juridiques, instructions, co\u00fbts, fournisseurs de logiciels e-LP, participation au r\u00e9seau e-LP, etc.<br \/>\n<a href=\"mailto:eschkg@bj.admin.ch\">Contact par couriel<\/a>.<\/td><td class=\"column-2\"><strong>D\u00e9veloppement et mise en service<\/strong><br \/>\nMod\u00e8le de donn\u00e9es e-LP, s\u00e9quences e-LP, d\u00e9veloppement de logiciels, Sedex et MessageHandler, SanityCheck, etc. <br \/>\n<a href=\"mailto:technical@eschkg.ch\">Contact par  couriel<\/a>.<\/td><td class=\"column-3\"><strong>Exploitation<\/strong><br \/>\nMessage rejet\u00e9 sans raison manifeste, absence de r\u00e9ponse, erreur lors de la saisie, avalanche de messages dans la bo\u00eete de r\u00e9ception, etc.<br \/>\n<a href=\"mailto:eschkg@bj.admin.ch\">Contact par couriel<\/a>.<\/td>\n<\/tr>\n<\/tbody>\n<\/table>\n\n","protected":false},"excerpt":{"rendered":"","protected":false},"author":1,"featured_media":0,"parent":0,"menu_order":0,"comment_status":"closed","ping_status":"closed","template":"template-sidebar.php","meta":{"footnotes":""},"tags":[],"class_list":["post-1155","page","type-page","status-publish","hentry"],"_links":{"self":[{"href":"https:\/\/eschkg.interweavers.ch\/index.php?rest_route=\/wp\/v2\/pages\/1155","targetHints":{"allow":["GET"]}}],"collection":[{"href":"https:\/\/eschkg.interweavers.ch\/index.php?rest_route=\/wp\/v2\/pages"}],"about":[{"href":"https:\/\/eschkg.interweavers.ch\/index.php?rest_route=\/wp\/v2\/types\/page"}],"author":[{"embeddable":true,"href":"https:\/\/eschkg.interweavers.ch\/index.php?rest_route=\/wp\/v2\/users\/1"}],"replies":[{"embeddable":true,"href":"https:\/\/eschkg.interweavers.ch\/index.php?rest_route=%2Fwp%2Fv2%2Fcomments&post=1155"}],"version-history":[{"count":1,"href":"https:\/\/eschkg.interweavers.ch\/index.php?rest_route=\/wp\/v2\/pages\/1155\/revisions"}],"predecessor-version":[{"id":1157,"href":"https:\/\/eschkg.interweavers.ch\/index.php?rest_route=\/wp\/v2\/pages\/1155\/revisions\/1157"}],"wp:attachment":[{"href":"https:\/\/eschkg.interweavers.ch\/index.php?rest_route=%2Fwp%2Fv2%2Fmedia&parent=1155"}],"wp:term":[{"taxonomy":"post_tag","embeddable":true,"href":"https:\/\/eschkg.interweavers.ch\/index.php?rest_route=%2Fwp%2Fv2%2Ftags&post=1155"}],"curies":[{"name":"wp","href":"https:\/\/api.w.org\/{rel}","templated":true}]}}