{"id":1150,"date":"2018-12-19T19:16:08","date_gmt":"2018-12-19T18:16:08","guid":{"rendered":"https:\/\/eschkg.interweavers.ch\/?page_id=1150"},"modified":"2018-12-19T19:54:31","modified_gmt":"2018-12-19T18:54:31","slug":"oberaufsicht-im-bj","status":"publish","type":"page","link":"https:\/\/eschkg.interweavers.ch\/?page_id=1150&lang=fr","title":{"rendered":"Instructions du Service de haute surveillance LP"},"content":{"rendered":"<p>Le 1. janvier 2007, la haute surveillance en mati\u00e8re de poursuite pour dettes et de faillite a \u00e9t\u00e9 transf\u00e9r\u00e9e du Tribunal f\u00e9d\u00e9ral au Conseil f\u00e9d\u00e9ral. Celui-ci l\u2019a d\u00e9l\u00e9gu\u00e9e par voie d\u2019ordonnance \u00e0 l\u2019Office f\u00e9d\u00e9ral de la justice, habilitant le service comp\u00e9tent \u00e0 accomplir les t\u00e2ches suivantes de fa\u00e7on autonome:<\/p>\n<p>1) \u00e9dicter des instructions, des directives et des recommandations \u00e0 l\u2019intention des autorit\u00e9s cantonales de surveillance, des offices des poursuites et des faillites et des organes d\u2019ex\u00e9cution priv\u00e9s, dans le but de pourvoir \u00e0 l\u2019application correcte et uniforme de la LP;<\/p>\n<p>2) \u00e9laborer des mod\u00e8les des formulaires utilis\u00e9s dans la proc\u00e9dure de poursuite et de faillite;<\/p>\n<p>3) inspecter des autorit\u00e9s cantonales de surveillance, des offices des poursuites et des faillites et des organes d\u2019ex\u00e9cution priv\u00e9s;<\/p>\n<p>4) informer les autorit\u00e9s cantonales de surveillance sur les r\u00e9visions de la loi et sur d&#8217;autres d\u00e9veloppements importants pour l&#8217;application de la LP;<\/p>\n<p>5) organiser des auditions au sujet de nouvelles directives, circulaires, recommandations, mod\u00e8les et informations.<\/p>\n","protected":false},"excerpt":{"rendered":"<p>Le 1. janvier 2007, la haute surveillance en mati\u00e8re de poursuite pour dettes et de faillite a \u00e9t\u00e9 transf\u00e9r\u00e9e du Tribunal f\u00e9d\u00e9ral au Conseil f\u00e9d\u00e9ral. Celui-ci l\u2019a d\u00e9l\u00e9gu\u00e9e par voie d\u2019ordonnance \u00e0 l\u2019Office f\u00e9d\u00e9ral de la justice, habilitant le service comp\u00e9tent \u00e0 accomplir les t\u00e2ches suivantes de fa\u00e7on autonome: 1) \u00e9dicter des instructions, des directives &hellip; <a href=\"https:\/\/eschkg.interweavers.ch\/?page_id=1150&#038;lang=fr\" class=\"more-link\"><span class=\"screen-reader-text\">&#8222;Instructions du Service de haute surveillance LP&#8220; <\/span>weiterlesen<\/a><\/p>\n","protected":false},"author":1,"featured_media":0,"parent":0,"menu_order":0,"comment_status":"closed","ping_status":"closed","template":"","meta":{"footnotes":""},"tags":[],"class_list":["post-1150","page","type-page","status-publish","hentry"],"_links":{"self":[{"href":"https:\/\/eschkg.interweavers.ch\/index.php?rest_route=\/wp\/v2\/pages\/1150","targetHints":{"allow":["GET"]}}],"collection":[{"href":"https:\/\/eschkg.interweavers.ch\/index.php?rest_route=\/wp\/v2\/pages"}],"about":[{"href":"https:\/\/eschkg.interweavers.ch\/index.php?rest_route=\/wp\/v2\/types\/page"}],"author":[{"embeddable":true,"href":"https:\/\/eschkg.interweavers.ch\/index.php?rest_route=\/wp\/v2\/users\/1"}],"replies":[{"embeddable":true,"href":"https:\/\/eschkg.interweavers.ch\/index.php?rest_route=%2Fwp%2Fv2%2Fcomments&post=1150"}],"version-history":[{"count":3,"href":"https:\/\/eschkg.interweavers.ch\/index.php?rest_route=\/wp\/v2\/pages\/1150\/revisions"}],"predecessor-version":[{"id":1153,"href":"https:\/\/eschkg.interweavers.ch\/index.php?rest_route=\/wp\/v2\/pages\/1150\/revisions\/1153"}],"wp:attachment":[{"href":"https:\/\/eschkg.interweavers.ch\/index.php?rest_route=%2Fwp%2Fv2%2Fmedia&parent=1150"}],"wp:term":[{"taxonomy":"post_tag","embeddable":true,"href":"https:\/\/eschkg.interweavers.ch\/index.php?rest_route=%2Fwp%2Fv2%2Ftags&post=1150"}],"curies":[{"name":"wp","href":"https:\/\/api.w.org\/{rel}","templated":true}]}}