{"id":1148,"date":"2017-03-24T21:06:01","date_gmt":"2017-03-24T20:06:01","guid":{"rendered":"https:\/\/eschkg.interweavers.ch\/?page_id=1148"},"modified":"2018-12-19T18:58:55","modified_gmt":"2018-12-19T17:58:55","slug":"gebuehrenverordnung","status":"publish","type":"page","link":"https:\/\/eschkg.interweavers.ch\/?page_id=1148&lang=fr","title":{"rendered":"Ordonnance sur les \u00e9moluments"},"content":{"rendered":"<p><a href=\"https:\/\/www.admin.ch\/opc\/fr\/classified-compilation\/19960496\/index.html\">Ordonnance du 23 septembre 1996 sur les \u00e9moluments<\/a> per\u00e7us en application de la loi f\u00e9d\u00e9rale sur la poursuite pour dettes et la faillite (OELP, RS 281.35).<\/p>\n<p>Modification de l\u2019OELP au 1<sup>er<\/sup> f\u00e9vrier 2016 (<a href=\"https:\/\/www.bj.admin.ch\/dam\/data\/bj\/wirtschaft\/schkg\/aufsichtsbehoerden\/info14-f.pdf\">Information no 14<\/a> du 16 janvier 2016)<\/p>\n","protected":false},"excerpt":{"rendered":"<p>Ordonnance du 23 septembre 1996 sur les \u00e9moluments per\u00e7us en application de la loi f\u00e9d\u00e9rale sur la poursuite pour dettes et la faillite (OELP, RS 281.35). Modification de l\u2019OELP au 1er f\u00e9vrier 2016 (Information no 14 du 16 janvier 2016)<\/p>\n","protected":false},"author":7,"featured_media":0,"parent":0,"menu_order":0,"comment_status":"closed","ping_status":"closed","template":"","meta":{"footnotes":""},"tags":[],"class_list":["post-1148","page","type-page","status-publish","hentry"],"_links":{"self":[{"href":"https:\/\/eschkg.interweavers.ch\/index.php?rest_route=\/wp\/v2\/pages\/1148","targetHints":{"allow":["GET"]}}],"collection":[{"href":"https:\/\/eschkg.interweavers.ch\/index.php?rest_route=\/wp\/v2\/pages"}],"about":[{"href":"https:\/\/eschkg.interweavers.ch\/index.php?rest_route=\/wp\/v2\/types\/page"}],"author":[{"embeddable":true,"href":"https:\/\/eschkg.interweavers.ch\/index.php?rest_route=\/wp\/v2\/users\/7"}],"replies":[{"embeddable":true,"href":"https:\/\/eschkg.interweavers.ch\/index.php?rest_route=%2Fwp%2Fv2%2Fcomments&post=1148"}],"version-history":[{"count":1,"href":"https:\/\/eschkg.interweavers.ch\/index.php?rest_route=\/wp\/v2\/pages\/1148\/revisions"}],"predecessor-version":[{"id":1149,"href":"https:\/\/eschkg.interweavers.ch\/index.php?rest_route=\/wp\/v2\/pages\/1148\/revisions\/1149"}],"wp:attachment":[{"href":"https:\/\/eschkg.interweavers.ch\/index.php?rest_route=%2Fwp%2Fv2%2Fmedia&parent=1148"}],"wp:term":[{"taxonomy":"post_tag","embeddable":true,"href":"https:\/\/eschkg.interweavers.ch\/index.php?rest_route=%2Fwp%2Fv2%2Ftags&post=1148"}],"curies":[{"name":"wp","href":"https:\/\/api.w.org\/{rel}","templated":true}]}}