{"id":1145,"date":"2016-08-18T11:00:38","date_gmt":"2016-08-18T09:00:38","guid":{"rendered":"https:\/\/eschkg.interweavers.ch\/?page_id=1145"},"modified":"2018-12-19T18:57:28","modified_gmt":"2018-12-19T17:57:28","slug":"schkg-und-eschkg","status":"publish","type":"page","link":"https:\/\/eschkg.interweavers.ch\/?page_id=1145&lang=fr","title":{"rendered":"LP et e-LP"},"content":{"rendered":"<p>La<strong> LP<\/strong> est l\u2019abr\u00e9viation de la loi f\u00e9d\u00e9rale du 11 avril 1889 sur la poursuite pour dettes et la faillite (<a href=\"https:\/\/www.admin.ch\/opc\/fr\/classified-compilation\/18890002\/index.html\">RS 281.1<\/a>). Pour toute question d\u2019ordre juridique sur la LP, nous vous prions de vous adresser au service de haute surveillance LP de l\u2019Office f\u00e9d\u00e9ral de la justice.<\/p>\n<p>Lien sur les <a href=\"https:\/\/www.bj.admin.ch\/bj\/fr\/home\/wirtschaft\/schkg\/rechtsgrundlagen.html\">bases l\u00e9gales relatives \u00e0 la LP<\/a>.<\/p>\n<p><strong>e-LP<\/strong> est un projet novateur de l\u2019Office f\u00e9d\u00e9ral de la justice. La LP fixe un cadre \u00e0 ce qui peut \u00eatre r\u00e9alis\u00e9 gr\u00e2ce aux nouvelles technologies. L\u2019ordonnance du DFJP concernant la communication \u00e9lectronique dans le domaine des poursuites pour dettes et des faillites (appel\u00e9e informellement \u00ab\u00a0ordonnance e-LP\u00a0\u00bb, <a href=\"https:\/\/www.admin.ch\/opc\/fr\/classified-compilation\/20103227\/index.html\">RS 281.112.1<\/a>) contient les dispositions sp\u00e9ciales portant sur le r\u00e9seau e-LP. Pour toute question li\u00e9e au projet e-LP, vous pouvez vous adresser \u00e0 la direction du projet \u00e0 l\u2019Office f\u00e9d\u00e9ral de la justice.<\/p>\n<p><strong>Limites du projet<\/strong><br \/>\nLe cadre l\u00e9gal actuel ne permet pas de faire tout ce qui serait techniquement possible. Les offices des poursuites ne peuvent par exemple pas \u00e9mettre des actes de d\u00e9faut de biens sous forme \u00e9lectronique. Ce type d\u2019innovations n\u00e9cessiterait une modification de la LP.<\/p>\n","protected":false},"excerpt":{"rendered":"<p>La LP est l\u2019abr\u00e9viation de la loi f\u00e9d\u00e9rale du 11 avril 1889 sur la poursuite pour dettes et la faillite (RS 281.1). Pour toute question d\u2019ordre juridique sur la LP, nous vous prions de vous adresser au service de haute surveillance LP de l\u2019Office f\u00e9d\u00e9ral de la justice. Lien sur les bases l\u00e9gales relatives \u00e0 &hellip; <a href=\"https:\/\/eschkg.interweavers.ch\/?page_id=1145&#038;lang=fr\" class=\"more-link\"><span class=\"screen-reader-text\">&#8222;LP et e-LP&#8220; <\/span>weiterlesen<\/a><\/p>\n","protected":false},"author":1,"featured_media":0,"parent":0,"menu_order":0,"comment_status":"closed","ping_status":"closed","template":"","meta":{"footnotes":""},"tags":[],"class_list":["post-1145","page","type-page","status-publish","hentry"],"_links":{"self":[{"href":"https:\/\/eschkg.interweavers.ch\/index.php?rest_route=\/wp\/v2\/pages\/1145","targetHints":{"allow":["GET"]}}],"collection":[{"href":"https:\/\/eschkg.interweavers.ch\/index.php?rest_route=\/wp\/v2\/pages"}],"about":[{"href":"https:\/\/eschkg.interweavers.ch\/index.php?rest_route=\/wp\/v2\/types\/page"}],"author":[{"embeddable":true,"href":"https:\/\/eschkg.interweavers.ch\/index.php?rest_route=\/wp\/v2\/users\/1"}],"replies":[{"embeddable":true,"href":"https:\/\/eschkg.interweavers.ch\/index.php?rest_route=%2Fwp%2Fv2%2Fcomments&post=1145"}],"version-history":[{"count":1,"href":"https:\/\/eschkg.interweavers.ch\/index.php?rest_route=\/wp\/v2\/pages\/1145\/revisions"}],"predecessor-version":[{"id":1146,"href":"https:\/\/eschkg.interweavers.ch\/index.php?rest_route=\/wp\/v2\/pages\/1145\/revisions\/1146"}],"wp:attachment":[{"href":"https:\/\/eschkg.interweavers.ch\/index.php?rest_route=%2Fwp%2Fv2%2Fmedia&parent=1145"}],"wp:term":[{"taxonomy":"post_tag","embeddable":true,"href":"https:\/\/eschkg.interweavers.ch\/index.php?rest_route=%2Fwp%2Fv2%2Ftags&post=1145"}],"curies":[{"name":"wp","href":"https:\/\/api.w.org\/{rel}","templated":true}]}}