{"id":1128,"date":"2016-08-18T10:58:30","date_gmt":"2016-08-18T08:58:30","guid":{"rendered":"https:\/\/eschkg.interweavers.ch\/?page_id=1128"},"modified":"2023-12-22T15:15:00","modified_gmt":"2023-12-22T14:15:00","slug":"zustaendigkeiten","status":"publish","type":"page","link":"https:\/\/eschkg.interweavers.ch\/?page_id=1128&lang=fr","title":{"rendered":"Office des poursuites comp\u00e9tent"},"content":{"rendered":"<p><strong>Rechercher l\u2019office comp\u00e9tent<\/strong><br \/>\nL\u2019office des poursuites comp\u00e9tent est celui du domicile ou du si\u00e8ge du d\u00e9biteur. C\u2019est au cr\u00e9ancier de le rechercher.<\/p>\n<p><strong>Consulter les donn\u00e9es en ligne<\/strong><br \/>\nPour trouver quel office est comp\u00e9tent \u00e0 raison du lieu, vous pouvez consulter la banque de donn\u00e9es en ligne:<br \/>\n<a href=\"https:\/\/www.easygov.swiss\/easygov\/#\/fr\/poursuites\" target=\"_blank\" rel=\"noopener noreferrer\">Trouver l\u2019office des poursuites comp\u00e9tent (EasyGov)<\/a><\/p>\n","protected":false},"excerpt":{"rendered":"<p>Rechercher l\u2019office comp\u00e9tent L\u2019office des poursuites comp\u00e9tent est celui du domicile ou du si\u00e8ge du d\u00e9biteur. C\u2019est au cr\u00e9ancier de le rechercher. Consulter les donn\u00e9es en ligne Pour trouver quel office est comp\u00e9tent \u00e0 raison du lieu, vous pouvez consulter la banque de donn\u00e9es en ligne: Trouver l\u2019office des poursuites comp\u00e9tent (EasyGov)<\/p>\n","protected":false},"author":1,"featured_media":0,"parent":0,"menu_order":0,"comment_status":"closed","ping_status":"closed","template":"","meta":{"footnotes":""},"tags":[],"class_list":["post-1128","page","type-page","status-publish","hentry"],"_links":{"self":[{"href":"https:\/\/eschkg.interweavers.ch\/index.php?rest_route=\/wp\/v2\/pages\/1128","targetHints":{"allow":["GET"]}}],"collection":[{"href":"https:\/\/eschkg.interweavers.ch\/index.php?rest_route=\/wp\/v2\/pages"}],"about":[{"href":"https:\/\/eschkg.interweavers.ch\/index.php?rest_route=\/wp\/v2\/types\/page"}],"author":[{"embeddable":true,"href":"https:\/\/eschkg.interweavers.ch\/index.php?rest_route=\/wp\/v2\/users\/1"}],"replies":[{"embeddable":true,"href":"https:\/\/eschkg.interweavers.ch\/index.php?rest_route=%2Fwp%2Fv2%2Fcomments&post=1128"}],"version-history":[{"count":4,"href":"https:\/\/eschkg.interweavers.ch\/index.php?rest_route=\/wp\/v2\/pages\/1128\/revisions"}],"predecessor-version":[{"id":2573,"href":"https:\/\/eschkg.interweavers.ch\/index.php?rest_route=\/wp\/v2\/pages\/1128\/revisions\/2573"}],"wp:attachment":[{"href":"https:\/\/eschkg.interweavers.ch\/index.php?rest_route=%2Fwp%2Fv2%2Fmedia&parent=1128"}],"wp:term":[{"taxonomy":"post_tag","embeddable":true,"href":"https:\/\/eschkg.interweavers.ch\/index.php?rest_route=%2Fwp%2Fv2%2Ftags&post=1128"}],"curies":[{"name":"wp","href":"https:\/\/api.w.org\/{rel}","templated":true}]}}