{"id":1111,"date":"2016-08-18T10:56:32","date_gmt":"2016-08-18T08:56:32","guid":{"rendered":"https:\/\/eschkg.interweavers.ch\/?page_id=1111"},"modified":"2022-10-11T11:08:52","modified_gmt":"2022-10-11T09:08:52","slug":"make-or-buy","status":"publish","type":"page","link":"https:\/\/eschkg.interweavers.ch\/?page_id=1111&lang=fr","title":{"rendered":"Make or Buy"},"content":{"rendered":"<p><strong>D\u00e9velopper son propre logiciel (Make)<\/strong><br \/>\nIl existe une documentation fournie sur la norme e-LP. Veuillez \u00e9tudier soigneusement le <a href=\"https:\/\/eschkg.interweavers.ch\/wp-content\/uploads\/2022\/07\/eLP_2.2.01_Juin_2022_FR.pdf\">manuel e-LP<\/a> avant de solliciter l\u2019aide de la direction du projet. Veuillez prendre note que celle-ci ne r\u00e9pond que ponctuellement aux demandes de soutien qu\u2019elle re\u00e7oit par courriel, et ce \u00e0 la condition que le client ait consult\u00e9 le manuel en question.<\/p>\n<p><strong>Acheter un logiciel (Buy)<\/strong><br \/>\ne-LP est soutenu par des <a href=\"https:\/\/eschkg.interweavers.ch?page_id=1622&amp;lang=fr\">fournisseurs test\u00e9s<\/a> de logiciels pour cr\u00e9anciers. Ce qui utilisent un logiciel test\u00e9 n&#8217;ont pas besoin d&#8217;un test SanityCheck s\u00e9par\u00e9 pour fournir la demande d&#8217;activation.<\/p>\n","protected":false},"excerpt":{"rendered":"<p>D\u00e9velopper son propre logiciel (Make) Il existe une documentation fournie sur la norme e-LP. Veuillez \u00e9tudier soigneusement le manuel e-LP avant de solliciter l\u2019aide de la direction du projet. Veuillez prendre note que celle-ci ne r\u00e9pond que ponctuellement aux demandes de soutien qu\u2019elle re\u00e7oit par courriel, et ce \u00e0 la condition que le client ait &hellip; <a href=\"https:\/\/eschkg.interweavers.ch\/?page_id=1111&#038;lang=fr\" class=\"more-link\"><span class=\"screen-reader-text\">&#8222;Make or Buy&#8220; <\/span>weiterlesen<\/a><\/p>\n","protected":false},"author":1,"featured_media":0,"parent":0,"menu_order":0,"comment_status":"closed","ping_status":"closed","template":"","meta":{"footnotes":""},"tags":[],"class_list":["post-1111","page","type-page","status-publish","hentry"],"_links":{"self":[{"href":"https:\/\/eschkg.interweavers.ch\/index.php?rest_route=\/wp\/v2\/pages\/1111","targetHints":{"allow":["GET"]}}],"collection":[{"href":"https:\/\/eschkg.interweavers.ch\/index.php?rest_route=\/wp\/v2\/pages"}],"about":[{"href":"https:\/\/eschkg.interweavers.ch\/index.php?rest_route=\/wp\/v2\/types\/page"}],"author":[{"embeddable":true,"href":"https:\/\/eschkg.interweavers.ch\/index.php?rest_route=\/wp\/v2\/users\/1"}],"replies":[{"embeddable":true,"href":"https:\/\/eschkg.interweavers.ch\/index.php?rest_route=%2Fwp%2Fv2%2Fcomments&post=1111"}],"version-history":[{"count":10,"href":"https:\/\/eschkg.interweavers.ch\/index.php?rest_route=\/wp\/v2\/pages\/1111\/revisions"}],"predecessor-version":[{"id":2398,"href":"https:\/\/eschkg.interweavers.ch\/index.php?rest_route=\/wp\/v2\/pages\/1111\/revisions\/2398"}],"wp:attachment":[{"href":"https:\/\/eschkg.interweavers.ch\/index.php?rest_route=%2Fwp%2Fv2%2Fmedia&parent=1111"}],"wp:term":[{"taxonomy":"post_tag","embeddable":true,"href":"https:\/\/eschkg.interweavers.ch\/index.php?rest_route=%2Fwp%2Fv2%2Ftags&post=1111"}],"curies":[{"name":"wp","href":"https:\/\/api.w.org\/{rel}","templated":true}]}}