{"id":1103,"date":"2017-03-12T12:36:17","date_gmt":"2017-03-12T11:36:17","guid":{"rendered":"https:\/\/eschkg.interweavers.ch\/?page_id=1103"},"modified":"2018-12-19T17:38:32","modified_gmt":"2018-12-19T16:38:32","slug":"formular-bereitschaftsmeldung","status":"publish","type":"page","link":"https:\/\/eschkg.interweavers.ch\/?page_id=1103&lang=fr","title":{"rendered":"Demande d\u2019activation"},"content":{"rendered":"<p>En remplissant le formulaire, vous annoncez \u00e0 l\u2019Office f\u00e9d\u00e9ral de la justice que vous avez r\u00e9alis\u00e9 les \u00e9tapes n\u00e9cessaires \u00e0 l\u2019int\u00e9gration d\u00e9finitive au r\u00e9seau e-LP.<\/p>\n\n<div class=\"wpcf7 no-js\" id=\"wpcf7-f1104-o1\" lang=\"de-DE\" dir=\"ltr\">\n<div class=\"screen-reader-response\"><p role=\"status\" aria-live=\"polite\" aria-atomic=\"true\"><\/p> <ul><\/ul><\/div>\n<form action=\"\/index.php?rest_route=%2Fwp%2Fv2%2Fpages%2F1103#wpcf7-f1104-o1\" method=\"post\" class=\"wpcf7-form init\" aria-label=\"Kontaktformular\" enctype=\"multipart\/form-data\" novalidate=\"novalidate\" data-status=\"init\">\n<div style=\"display: none;\">\n<input type=\"hidden\" name=\"_wpcf7\" value=\"1104\" \/>\n<input type=\"hidden\" name=\"_wpcf7_version\" value=\"5.9.2\" \/>\n<input type=\"hidden\" name=\"_wpcf7_locale\" value=\"de_DE\" \/>\n<input type=\"hidden\" name=\"_wpcf7_unit_tag\" value=\"wpcf7-f1104-o1\" \/>\n<input type=\"hidden\" name=\"_wpcf7_container_post\" value=\"0\" \/>\n<input type=\"hidden\" name=\"_wpcf7_posted_data_hash\" value=\"\" \/>\n<input type=\"hidden\" name=\"_wpcf7_recaptcha_response\" value=\"\" \/>\n<\/div>\n<p><label>Entreprise ou office\/service<br \/>\n<span class=\"wpcf7-form-control-wrap\" data-name=\"organisation\"><input size=\"40\" class=\"wpcf7-form-control wpcf7-text wpcf7-validates-as-required\" aria-required=\"true\" aria-invalid=\"false\" value=\"\" type=\"text\" name=\"organisation\" \/><\/span> <\/label><br \/>\n<label> ID SEDEX<br \/>\n<span class=\"wpcf7-form-control-wrap\" data-name=\"sedexid\"><input size=\"40\" class=\"wpcf7-form-control wpcf7-text wpcf7-validates-as-required\" aria-required=\"true\" aria-invalid=\"false\" value=\"\" type=\"text\" name=\"sedexid\" \/><\/span> <\/label><br \/>\n<label>Date d\u2019activation souhait\u00e9e<br \/>\n<span class=\"wpcf7-form-control-wrap\" data-name=\"activation\"><input size=\"40\" class=\"wpcf7-form-control wpcf7-text wpcf7-validates-as-required\" aria-required=\"true\" aria-invalid=\"false\" value=\"\" type=\"text\" name=\"activation\" \/><\/span> <\/label><br \/>\n<label>Personne(s) habilit\u00e9e(s) \u00e0 signer<br \/>\n<span class=\"wpcf7-form-control-wrap\" data-name=\"signee\"><input size=\"40\" class=\"wpcf7-form-control wpcf7-text wpcf7-validates-as-required\" aria-required=\"true\" aria-invalid=\"false\" value=\"\" type=\"text\" name=\"signee\" \/><\/span> <\/label><br \/>\n<label>Remarques<br \/>\n<span class=\"wpcf7-form-control-wrap\" data-name=\"remarks\"><textarea cols=\"40\" rows=\"10\" class=\"wpcf7-form-control wpcf7-textarea\" aria-invalid=\"false\" name=\"remarks\"><\/textarea><\/span> <\/label><br \/>\n<label>T\u00e9l\u00e9charger le rapport de r\u00e9sultat Sanity Check PLUS<br \/>\n<span class=\"wpcf7-form-control-wrap\" data-name=\"testreport\"><input size=\"40\" class=\"wpcf7-form-control wpcf7-file\" accept=\".pdf\" aria-invalid=\"false\" type=\"file\" name=\"testreport\" \/><\/span> <\/label><br \/>\n<input class=\"wpcf7-form-control wpcf7-submit has-spinner\" type=\"submit\" value=\"Envoyer\" \/>\n<\/p><div class=\"wpcf7-response-output\" aria-hidden=\"true\"><\/div>\n<\/form>\n<\/div>\n\n","protected":false},"excerpt":{"rendered":"<p>En remplissant le formulaire, vous annoncez \u00e0 l\u2019Office f\u00e9d\u00e9ral de la justice que vous avez r\u00e9alis\u00e9 les \u00e9tapes n\u00e9cessaires \u00e0 l\u2019int\u00e9gration d\u00e9finitive au r\u00e9seau e-LP.<\/p>\n","protected":false},"author":7,"featured_media":0,"parent":0,"menu_order":0,"comment_status":"closed","ping_status":"closed","template":"","meta":{"footnotes":""},"tags":[],"class_list":["post-1103","page","type-page","status-publish","hentry"],"_links":{"self":[{"href":"https:\/\/eschkg.interweavers.ch\/index.php?rest_route=\/wp\/v2\/pages\/1103","targetHints":{"allow":["GET"]}}],"collection":[{"href":"https:\/\/eschkg.interweavers.ch\/index.php?rest_route=\/wp\/v2\/pages"}],"about":[{"href":"https:\/\/eschkg.interweavers.ch\/index.php?rest_route=\/wp\/v2\/types\/page"}],"author":[{"embeddable":true,"href":"https:\/\/eschkg.interweavers.ch\/index.php?rest_route=\/wp\/v2\/users\/7"}],"replies":[{"embeddable":true,"href":"https:\/\/eschkg.interweavers.ch\/index.php?rest_route=%2Fwp%2Fv2%2Fcomments&post=1103"}],"version-history":[{"count":1,"href":"https:\/\/eschkg.interweavers.ch\/index.php?rest_route=\/wp\/v2\/pages\/1103\/revisions"}],"predecessor-version":[{"id":1106,"href":"https:\/\/eschkg.interweavers.ch\/index.php?rest_route=\/wp\/v2\/pages\/1103\/revisions\/1106"}],"wp:attachment":[{"href":"https:\/\/eschkg.interweavers.ch\/index.php?rest_route=%2Fwp%2Fv2%2Fmedia&parent=1103"}],"wp:term":[{"taxonomy":"post_tag","embeddable":true,"href":"https:\/\/eschkg.interweavers.ch\/index.php?rest_route=%2Fwp%2Fv2%2Ftags&post=1103"}],"curies":[{"name":"wp","href":"https:\/\/api.w.org\/{rel}","templated":true}]}}