{"id":1094,"date":"2016-08-18T10:57:10","date_gmt":"2016-08-18T08:57:10","guid":{"rendered":"https:\/\/eschkg.interweavers.ch\/?page_id=1094"},"modified":"2021-08-04T11:18:46","modified_gmt":"2021-08-04T09:18:46","slug":"anschluss-bestellen","status":"publish","type":"page","link":"https:\/\/eschkg.interweavers.ch\/?page_id=1094&lang=fr","title":{"rendered":"Inscription au r\u00e9seau e-LP"},"content":{"rendered":"<p>En remplissant le formulaire, vous inscrivez un nouveau participant au r\u00e9seau et commandez simultan\u00e9ment un nouveau raccordement. L\u2019inscription est d\u00e9finitive avec effet obligatoire et <a href=\"https:\/\/www.fedlex.admin.ch\/eli\/cc\/1996\/2937_2937_2937\/de#art_15_a)\" target=\"_blank\" rel=\"noopener\">payant<\/a>.<\/p>\n\n<div class=\"wpcf7 no-js\" id=\"wpcf7-f1097-o1\" lang=\"de-DE\" dir=\"ltr\">\n<div class=\"screen-reader-response\"><p role=\"status\" aria-live=\"polite\" aria-atomic=\"true\"><\/p> <ul><\/ul><\/div>\n<form action=\"\/index.php?rest_route=%2Fwp%2Fv2%2Fpages%2F1094#wpcf7-f1097-o1\" method=\"post\" class=\"wpcf7-form init\" aria-label=\"Kontaktformular\" novalidate=\"novalidate\" data-status=\"init\">\n<div style=\"display: none;\">\n<input type=\"hidden\" name=\"_wpcf7\" value=\"1097\" \/>\n<input type=\"hidden\" name=\"_wpcf7_version\" value=\"5.9.2\" \/>\n<input type=\"hidden\" name=\"_wpcf7_locale\" value=\"de_DE\" \/>\n<input type=\"hidden\" name=\"_wpcf7_unit_tag\" value=\"wpcf7-f1097-o1\" \/>\n<input type=\"hidden\" name=\"_wpcf7_container_post\" value=\"0\" \/>\n<input type=\"hidden\" name=\"_wpcf7_posted_data_hash\" value=\"\" \/>\n<input type=\"hidden\" name=\"_wpcf7_recaptcha_response\" value=\"\" \/>\n<\/div>\n<h3>Informations sur l\u2018organisation\n<\/h3>\n<p><label>Entreprise ou office\/service<br \/>\n<span class=\"wpcf7-form-control-wrap\" data-name=\"organisation-name\"><input size=\"40\" class=\"wpcf7-form-control wpcf7-text wpcf7-validates-as-required\" aria-required=\"true\" aria-invalid=\"false\" value=\"\" type=\"text\" name=\"organisation-name\" \/><\/span> <\/label><br \/>\n<label>Num\u00e9ro d\u2019entreprise ou de commune (IDE, OFS)<br \/>\n<span class=\"wpcf7-form-control-wrap\" data-name=\"organisation-uid\"><input size=\"40\" class=\"wpcf7-form-control wpcf7-text wpcf7-validates-as-required\" aria-required=\"true\" aria-invalid=\"false\" value=\"\" type=\"text\" name=\"organisation-uid\" \/><\/span> <\/label><br \/>\n<label> Adresse<br \/>\n<span class=\"wpcf7-form-control-wrap\" data-name=\"organisation-address\"><input size=\"40\" class=\"wpcf7-form-control wpcf7-text wpcf7-validates-as-required\" aria-required=\"true\" aria-invalid=\"false\" value=\"\" type=\"text\" name=\"organisation-address\" \/><\/span> <\/label><br \/>\n<label> NPA, localit\u00e9<br \/>\n<span class=\"wpcf7-form-control-wrap\" data-name=\"organisation-zipcity\"><input size=\"40\" class=\"wpcf7-form-control wpcf7-text wpcf7-validates-as-required\" aria-required=\"true\" aria-invalid=\"false\" value=\"\" type=\"text\" name=\"organisation-zipcity\" \/><\/span> <\/label>\n<\/p>\n<h3>Logiciel e-LP utilis\u00e9\n<\/h3>\n<p><label> Nom du produit et version<br \/>\n<span class=\"wpcf7-form-control-wrap\" data-name=\"sw-brand\"><input size=\"40\" class=\"wpcf7-form-control wpcf7-text wpcf7-validates-as-required\" aria-required=\"true\" aria-invalid=\"false\" value=\"\" type=\"text\" name=\"sw-brand\" \/><\/span> <\/label>\n<\/p>\n<h3>Responsable administratif\n<\/h3>\n<p><label>Nom, pr\u00e9nom<br \/>\n<span class=\"wpcf7-form-control-wrap\" data-name=\"admin-name\"><input size=\"40\" class=\"wpcf7-form-control wpcf7-text wpcf7-validates-as-required\" aria-required=\"true\" aria-invalid=\"false\" value=\"\" type=\"text\" name=\"admin-name\" \/><\/span> <\/label><br \/>\n<label>Domicile<br \/>\n<span class=\"wpcf7-form-control-wrap\" data-name=\"admin-address\"><input size=\"40\" class=\"wpcf7-form-control wpcf7-text wpcf7-validates-as-required\" aria-required=\"true\" aria-invalid=\"false\" value=\"\" type=\"text\" name=\"admin-address\" \/><\/span> <\/label><br \/>\n<label>NPA, localit\u00e9<br \/>\n<span class=\"wpcf7-form-control-wrap\" data-name=\"admin-zipcity\"><input size=\"40\" class=\"wpcf7-form-control wpcf7-text wpcf7-validates-as-required\" aria-required=\"true\" aria-invalid=\"false\" value=\"\" type=\"text\" name=\"admin-zipcity\" \/><\/span> <\/label><br \/>\n<label>Lieu d\u2018origine<br \/>\n<span class=\"wpcf7-form-control-wrap\" data-name=\"admin-origin\"><input size=\"40\" class=\"wpcf7-form-control wpcf7-text wpcf7-validates-as-required\" aria-required=\"true\" aria-invalid=\"false\" value=\"\" type=\"text\" name=\"admin-origin\" \/><\/span> <\/label><br \/>\n<label>Fonction <b>selon le registre du commerce<\/b><br \/>\n<span class=\"wpcf7-form-control-wrap\" data-name=\"admin-function\"><input size=\"40\" class=\"wpcf7-form-control wpcf7-text wpcf7-validates-as-required\" aria-required=\"true\" aria-invalid=\"false\" value=\"\" type=\"text\" name=\"admin-function\" \/><\/span> <\/label><br \/>\n<label>Pouvoir de repr\u00e9sentation <b>selon le registre du commerce<\/b><br \/>\n<span class=\"wpcf7-form-control-wrap\" data-name=\"admin-signature\"><input size=\"40\" class=\"wpcf7-form-control wpcf7-text wpcf7-validates-as-required\" aria-required=\"true\" aria-invalid=\"false\" value=\"\" type=\"text\" name=\"admin-signature\" \/><\/span> <\/label>\n<\/p>\n<h3>Interlocuteur pour les questions e-LP\n<\/h3>\n<p><label>Nom, pr\u00e9nom<br \/>\n<span class=\"wpcf7-form-control-wrap\" data-name=\"spoc-name\"><input size=\"40\" class=\"wpcf7-form-control wpcf7-text wpcf7-validates-as-required\" aria-required=\"true\" aria-invalid=\"false\" value=\"\" type=\"text\" name=\"spoc-name\" \/><\/span> <\/label><br \/>\n<label>Courriel<br \/>\n<span class=\"wpcf7-form-control-wrap\" data-name=\"spoc-email\"><input size=\"40\" class=\"wpcf7-form-control wpcf7-email wpcf7-validates-as-required wpcf7-text wpcf7-validates-as-email\" aria-required=\"true\" aria-invalid=\"false\" value=\"\" type=\"email\" name=\"spoc-email\" \/><\/span> <\/label><br \/>\n<label>T\u00e9l\u00e9phone<br \/>\n<span class=\"wpcf7-form-control-wrap\" data-name=\"spoc-phone\"><input size=\"40\" class=\"wpcf7-form-control wpcf7-text wpcf7-validates-as-required\" aria-required=\"true\" aria-invalid=\"false\" value=\"\" type=\"text\" name=\"spoc-phone\" \/><\/span> <\/label>\n<\/p>\n<h3>Responsable technique\n<\/h3>\n<p><label>Nom, pr\u00e9nom<br \/>\n<span class=\"wpcf7-form-control-wrap\" data-name=\"tech-name\"><input size=\"40\" class=\"wpcf7-form-control wpcf7-text wpcf7-validates-as-required\" aria-required=\"true\" aria-invalid=\"false\" value=\"\" type=\"text\" name=\"tech-name\" \/><\/span> <\/label><br \/>\n<label>Entreprise<br \/>\n<span class=\"wpcf7-form-control-wrap\" data-name=\"tech-company\"><input size=\"40\" class=\"wpcf7-form-control wpcf7-text wpcf7-validates-as-required\" aria-required=\"true\" aria-invalid=\"false\" value=\"\" type=\"text\" name=\"tech-company\" \/><\/span> <\/label><br \/>\n<label>Courriel<br \/>\n<span class=\"wpcf7-form-control-wrap\" data-name=\"tech-email\"><input size=\"40\" class=\"wpcf7-form-control wpcf7-email wpcf7-validates-as-required wpcf7-text wpcf7-validates-as-email\" aria-required=\"true\" aria-invalid=\"false\" value=\"\" type=\"email\" name=\"tech-email\" \/><\/span> <\/label><br \/>\n<label>T\u00e9l\u00e9phone<br \/>\n<span class=\"wpcf7-form-control-wrap\" data-name=\"tech-phone\"><input size=\"40\" class=\"wpcf7-form-control wpcf7-text wpcf7-validates-as-required\" aria-required=\"true\" aria-invalid=\"false\" value=\"\" type=\"text\" name=\"tech-phone\" \/><\/span> <\/label><br \/>\n<label>T\u00e9l\u00e9phone mobile<br \/>\n<span class=\"wpcf7-form-control-wrap\" data-name=\"tech-mobile\"><input size=\"40\" class=\"wpcf7-form-control wpcf7-text wpcf7-validates-as-required\" aria-required=\"true\" aria-invalid=\"false\" value=\"\" type=\"text\" name=\"tech-mobile\" \/><\/span> <\/label>\n<\/p>\n<p><label>Mod\u00e8le de <a target=\"_blank\" href=\"https:\/\/eschkg.interweavers.ch\/wp-content\/uploads\/2020\/02\/Vorlage_eSchKG-Vereinbarung_Dezember_2019_FR.pdf\">convention e-LP<\/a> (pour information)<\/label>\n<\/p>\n<p><input class=\"wpcf7-form-control wpcf7-submit has-spinner\" type=\"submit\" value=\"Envoyer\" \/>\n<\/p><div class=\"wpcf7-response-output\" aria-hidden=\"true\"><\/div>\n<\/form>\n<\/div>\n\n","protected":false},"excerpt":{"rendered":"<p>En remplissant le formulaire, vous inscrivez un nouveau participant au r\u00e9seau et commandez simultan\u00e9ment un nouveau raccordement. L\u2019inscription est d\u00e9finitive avec effet obligatoire et payant.<\/p>\n","protected":false},"author":1,"featured_media":0,"parent":0,"menu_order":0,"comment_status":"closed","ping_status":"closed","template":"","meta":{"footnotes":""},"tags":[],"class_list":["post-1094","page","type-page","status-publish","hentry"],"_links":{"self":[{"href":"https:\/\/eschkg.interweavers.ch\/index.php?rest_route=\/wp\/v2\/pages\/1094","targetHints":{"allow":["GET"]}}],"collection":[{"href":"https:\/\/eschkg.interweavers.ch\/index.php?rest_route=\/wp\/v2\/pages"}],"about":[{"href":"https:\/\/eschkg.interweavers.ch\/index.php?rest_route=\/wp\/v2\/types\/page"}],"author":[{"embeddable":true,"href":"https:\/\/eschkg.interweavers.ch\/index.php?rest_route=\/wp\/v2\/users\/1"}],"replies":[{"embeddable":true,"href":"https:\/\/eschkg.interweavers.ch\/index.php?rest_route=%2Fwp%2Fv2%2Fcomments&post=1094"}],"version-history":[{"count":3,"href":"https:\/\/eschkg.interweavers.ch\/index.php?rest_route=\/wp\/v2\/pages\/1094\/revisions"}],"predecessor-version":[{"id":2157,"href":"https:\/\/eschkg.interweavers.ch\/index.php?rest_route=\/wp\/v2\/pages\/1094\/revisions\/2157"}],"wp:attachment":[{"href":"https:\/\/eschkg.interweavers.ch\/index.php?rest_route=%2Fwp%2Fv2%2Fmedia&parent=1094"}],"wp:term":[{"taxonomy":"post_tag","embeddable":true,"href":"https:\/\/eschkg.interweavers.ch\/index.php?rest_route=%2Fwp%2Fv2%2Ftags&post=1094"}],"curies":[{"name":"wp","href":"https:\/\/api.w.org\/{rel}","templated":true}]}}