{"id":1012,"date":"2016-08-18T11:01:40","date_gmt":"2016-08-18T09:01:40","guid":{"rendered":"https:\/\/eschkg.interweavers.ch\/?page_id=1012"},"modified":"2023-03-14T11:06:16","modified_gmt":"2023-03-14T10:06:16","slug":"eschkg-user-group","status":"publish","type":"page","link":"https:\/\/eschkg.interweavers.ch\/?page_id=1012&lang=fr","title":{"rendered":"Groupe d\u2019utilisateurs e-LP (User Group)"},"content":{"rendered":"<p>L\u2019Office f\u00e9d\u00e9ral de la justice organise r\u00e9guli\u00e8rement des s\u00e9ances d\u2019information e-LP. Les membres du r\u00e9seau et d\u2019autres personnes int\u00e9ress\u00e9es peuvent y participer.<\/p>\n<p>Le groupe d\u2019utilisateurs e-LP re\u00e7oit \u00e9galement des courriels d\u2019information. Si vous souhaitez figurer sur la liste des destinataires, veuillez \u00e9crire \u00e0 l\u2019adresse <a href=\"mailto:eschkg@bj.admin.ch\">eschkg@bj.admin.ch<\/a><\/p>\n\n\n<p><\/p>\n","protected":false},"excerpt":{"rendered":"<p>L\u2019Office f\u00e9d\u00e9ral de la justice organise r\u00e9guli\u00e8rement des s\u00e9ances d\u2019information e-LP. Les membres du r\u00e9seau et d\u2019autres personnes int\u00e9ress\u00e9es peuvent y participer. Le groupe d\u2019utilisateurs e-LP re\u00e7oit \u00e9galement des courriels d\u2019information. Si vous souhaitez figurer sur la liste des destinataires, veuillez \u00e9crire \u00e0 l\u2019adresse eschkg@bj.admin.ch<\/p>\n","protected":false},"author":1,"featured_media":0,"parent":0,"menu_order":0,"comment_status":"closed","ping_status":"closed","template":"","meta":{"footnotes":""},"tags":[],"class_list":["post-1012","page","type-page","status-publish","hentry"],"_links":{"self":[{"href":"https:\/\/eschkg.interweavers.ch\/index.php?rest_route=\/wp\/v2\/pages\/1012","targetHints":{"allow":["GET"]}}],"collection":[{"href":"https:\/\/eschkg.interweavers.ch\/index.php?rest_route=\/wp\/v2\/pages"}],"about":[{"href":"https:\/\/eschkg.interweavers.ch\/index.php?rest_route=\/wp\/v2\/types\/page"}],"author":[{"embeddable":true,"href":"https:\/\/eschkg.interweavers.ch\/index.php?rest_route=\/wp\/v2\/users\/1"}],"replies":[{"embeddable":true,"href":"https:\/\/eschkg.interweavers.ch\/index.php?rest_route=%2Fwp%2Fv2%2Fcomments&post=1012"}],"version-history":[{"count":3,"href":"https:\/\/eschkg.interweavers.ch\/index.php?rest_route=\/wp\/v2\/pages\/1012\/revisions"}],"predecessor-version":[{"id":2488,"href":"https:\/\/eschkg.interweavers.ch\/index.php?rest_route=\/wp\/v2\/pages\/1012\/revisions\/2488"}],"wp:attachment":[{"href":"https:\/\/eschkg.interweavers.ch\/index.php?rest_route=%2Fwp%2Fv2%2Fmedia&parent=1012"}],"wp:term":[{"taxonomy":"post_tag","embeddable":true,"href":"https:\/\/eschkg.interweavers.ch\/index.php?rest_route=%2Fwp%2Fv2%2Ftags&post=1012"}],"curies":[{"name":"wp","href":"https:\/\/api.w.org\/{rel}","templated":true}]}}