{"id":1008,"date":"2016-08-18T10:48:38","date_gmt":"2016-08-18T08:48:38","guid":{"rendered":"https:\/\/eschkg.interweavers.ch\/?page_id=1008"},"modified":"2024-02-28T07:23:06","modified_gmt":"2024-02-28T06:23:06","slug":"steuerung-und-fuehrung","status":"publish","type":"page","link":"https:\/\/eschkg.interweavers.ch\/?page_id=1008&lang=fr","title":{"rendered":"Direction du projet e-LP"},"content":{"rendered":"<p><strong>Mandant<\/strong><br \/>\nSerge Guignard, Vice-directeur et chef de l&#8217;unit\u00e9 de direction Services centraux, Office f\u00e9d\u00e9ral de la justice (OFJ)<\/p>\n<p><strong>Responsable du projet<\/strong><br \/>\nUrs Paul Holenstein, chef de l\u2019unit\u00e9 Informatique juridique, OFJ<\/p>\n<p><strong>Direction technique du projet, mandat\u00e9e par l\u2019OFJ<\/strong><br \/>\nIndato GmbH, Bern<\/p>\n<p><strong>Service de haute surveillance LP<\/strong><br \/>\nRodrigo Rodriguez, conseiller scientifique, Domaine de direction Droit priv\u00e9, OFJ<\/p>\n","protected":false},"excerpt":{"rendered":"<p>Mandant Serge Guignard, Vice-directeur et chef de l&#8217;unit\u00e9 de direction Services centraux, Office f\u00e9d\u00e9ral de la justice (OFJ) Responsable du projet Urs Paul Holenstein, chef de l\u2019unit\u00e9 Informatique juridique, OFJ Direction technique du projet, mandat\u00e9e par l\u2019OFJ Indato GmbH, Bern Service de haute surveillance LP Rodrigo Rodriguez, conseiller scientifique, Domaine de direction Droit priv\u00e9, OFJ<\/p>\n","protected":false},"author":1,"featured_media":0,"parent":0,"menu_order":0,"comment_status":"closed","ping_status":"closed","template":"","meta":{"footnotes":""},"tags":[],"class_list":["post-1008","page","type-page","status-publish","hentry"],"_links":{"self":[{"href":"https:\/\/eschkg.interweavers.ch\/index.php?rest_route=\/wp\/v2\/pages\/1008","targetHints":{"allow":["GET"]}}],"collection":[{"href":"https:\/\/eschkg.interweavers.ch\/index.php?rest_route=\/wp\/v2\/pages"}],"about":[{"href":"https:\/\/eschkg.interweavers.ch\/index.php?rest_route=\/wp\/v2\/types\/page"}],"author":[{"embeddable":true,"href":"https:\/\/eschkg.interweavers.ch\/index.php?rest_route=\/wp\/v2\/users\/1"}],"replies":[{"embeddable":true,"href":"https:\/\/eschkg.interweavers.ch\/index.php?rest_route=%2Fwp%2Fv2%2Fcomments&post=1008"}],"version-history":[{"count":4,"href":"https:\/\/eschkg.interweavers.ch\/index.php?rest_route=\/wp\/v2\/pages\/1008\/revisions"}],"predecessor-version":[{"id":2597,"href":"https:\/\/eschkg.interweavers.ch\/index.php?rest_route=\/wp\/v2\/pages\/1008\/revisions\/2597"}],"wp:attachment":[{"href":"https:\/\/eschkg.interweavers.ch\/index.php?rest_route=%2Fwp%2Fv2%2Fmedia&parent=1008"}],"wp:term":[{"taxonomy":"post_tag","embeddable":true,"href":"https:\/\/eschkg.interweavers.ch\/index.php?rest_route=%2Fwp%2Fv2%2Ftags&post=1008"}],"curies":[{"name":"wp","href":"https:\/\/api.w.org\/{rel}","templated":true}]}}