{"id":1004,"date":"2018-12-19T15:46:24","date_gmt":"2018-12-19T14:46:24","guid":{"rendered":"https:\/\/eschkg.interweavers.ch\/?page_id=1004"},"modified":"2020-07-22T10:28:14","modified_gmt":"2020-07-22T08:28:14","slug":"eschkg-projektausschuss","status":"publish","type":"page","link":"https:\/\/eschkg.interweavers.ch\/?page_id=1004&lang=fr","title":{"rendered":"Comit\u00e9 d\u2019exploitation e-LP"},"content":{"rendered":"<p>Le comit\u00e9 de projet a \u00e9t\u00e9 dissous \u00e0 la cl\u00f4ture du projet e-LP II en 2017. L\u2019assistance aux plans organisationnel et technique est d\u00e9sormais assur\u00e9e par un comit\u00e9 d\u2019exploitation.<\/p>\n","protected":false},"excerpt":{"rendered":"<p>Le comit\u00e9 de projet a \u00e9t\u00e9 dissous \u00e0 la cl\u00f4ture du projet e-LP II en 2017. L\u2019assistance aux plans organisationnel et technique est d\u00e9sormais assur\u00e9e par un comit\u00e9 d\u2019exploitation.<\/p>\n","protected":false},"author":7,"featured_media":0,"parent":0,"menu_order":0,"comment_status":"closed","ping_status":"closed","template":"","meta":{"footnotes":""},"tags":[],"class_list":["post-1004","page","type-page","status-publish","hentry"],"_links":{"self":[{"href":"https:\/\/eschkg.interweavers.ch\/index.php?rest_route=\/wp\/v2\/pages\/1004","targetHints":{"allow":["GET"]}}],"collection":[{"href":"https:\/\/eschkg.interweavers.ch\/index.php?rest_route=\/wp\/v2\/pages"}],"about":[{"href":"https:\/\/eschkg.interweavers.ch\/index.php?rest_route=\/wp\/v2\/types\/page"}],"author":[{"embeddable":true,"href":"https:\/\/eschkg.interweavers.ch\/index.php?rest_route=\/wp\/v2\/users\/7"}],"replies":[{"embeddable":true,"href":"https:\/\/eschkg.interweavers.ch\/index.php?rest_route=%2Fwp%2Fv2%2Fcomments&post=1004"}],"version-history":[{"count":2,"href":"https:\/\/eschkg.interweavers.ch\/index.php?rest_route=\/wp\/v2\/pages\/1004\/revisions"}],"predecessor-version":[{"id":1006,"href":"https:\/\/eschkg.interweavers.ch\/index.php?rest_route=\/wp\/v2\/pages\/1004\/revisions\/1006"}],"wp:attachment":[{"href":"https:\/\/eschkg.interweavers.ch\/index.php?rest_route=%2Fwp%2Fv2%2Fmedia&parent=1004"}],"wp:term":[{"taxonomy":"post_tag","embeddable":true,"href":"https:\/\/eschkg.interweavers.ch\/index.php?rest_route=%2Fwp%2Fv2%2Ftags&post=1004"}],"curies":[{"name":"wp","href":"https:\/\/api.w.org\/{rel}","templated":true}]}}